{"id":921,"date":"2020-08-10T11:12:47","date_gmt":"2020-08-10T08:12:47","guid":{"rendered":"https:\/\/pulliez.com\/nachhaltigkeit\/"},"modified":"2021-07-28T19:33:52","modified_gmt":"2021-07-28T16:33:52","slug":"nachhaltigkeit","status":"publish","type":"page","link":"https:\/\/pulliez.com\/de\/nachhaltigkeit\/","title":{"rendered":"Nachhaltigkeit"},"content":{"rendered":"\t\t<div data-elementor-type=\"wp-page\" data-elementor-id=\"921\" class=\"elementor elementor-921 elementor-99\" data-elementor-settings=\"[]\">\n\t\t\t\t\t\t<div class=\"elementor-inner\">\n\t\t\t\t\t\t\t<div class=\"elementor-section-wrap\">\n\t\t\t\t\t\t\t<section class=\"elementor-section elementor-top-section elementor-element elementor-element-fd203f7 elementor-reverse-tablet elementor-reverse-mobile elementor-section-content-middle elementor-section-boxed elementor-section-height-default elementor-section-height-default\" data-id=\"fd203f7\" data-element_type=\"section\" data-settings=\"{&quot;background_background&quot;:&quot;classic&quot;}\">\n\t\t\t\t\t\t\t<div class=\"elementor-background-overlay\"><\/div>\n\t\t\t\t\t\t\t<div class=\"elementor-container elementor-column-gap-extended\">\n\t\t\t\t\t\t\t<div class=\"elementor-row\">\n\t\t\t\t\t<div class=\"elementor-column elementor-col-50 elementor-top-column elementor-element elementor-element-d490bcf\" data-id=\"d490bcf\" data-element_type=\"column\">\n\t\t\t<div class=\"elementor-column-wrap elementor-element-populated\">\n\t\t\t\t\t\t\t<div class=\"elementor-widget-wrap\">\n\t\t\t\t\t\t<div class=\"elementor-element elementor-element-39148c2 elementor-invisible elementor-widget elementor-widget-heading\" data-id=\"39148c2\" data-element_type=\"widget\" data-settings=\"{&quot;_animation&quot;:&quot;fadeInUp&quot;,&quot;_animation_delay&quot;:300}\" data-widget_type=\"heading.default\">\n\t\t\t\t<div class=\"elementor-widget-container\">\n\t\t\t<h2 class=\"elementor-heading-title elementor-size-default\">GUT F\u00dcR DICH. <br>GUT F\u00dcR DIE UMWELT.<\/h2>\t\t<\/div>\n\t\t\t\t<\/div>\n\t\t\t\t<div class=\"elementor-element elementor-element-5464d37 elementor-widget elementor-widget-text-editor\" data-id=\"5464d37\" data-element_type=\"widget\" data-widget_type=\"text-editor.default\">\n\t\t\t\t<div class=\"elementor-widget-container\">\n\t\t\t\t\t\t\t\t<div class=\"elementor-text-editor elementor-clearfix\">\n\t\t\t\t<p>Wir von Pulliez setzen uns von der Produktion bis zur Verpackung f\u00fcr den Umweltschutz ein.<\/p><p>Das f\u00fcr die Herstellung von PulliezTM\u00a0verwendete Garn besteht aus recycelten Flaschen von\u00a0<b>REPREVE\u00ae,<\/b>\u00a0einem weltweit f\u00fchrenden Unternehmen f\u00fcr Recyclingfasern.<br \/>Da wir 28 Paar in einer einzigen kompakten Box anbieten, sparen wir Verpackungsmaterial und reduzieren unseren \u00f6kologischen Fu\u00dfabdruck.<\/p><p>Unsere Produktion ist\u00a0<b>Oeko-tex<\/b><b>\u00ae<\/b>\u00a0und\u00a0<b>Smeta<\/b><b>\u00ae \/ <\/b><b>Sedex<\/b><b>\u00ae<\/b>\u00a0zertifiziert, um die Einhaltung h\u00f6chster sozialer und technischer Standards zu gew\u00e4hrleisten.<\/p>\t\t\t\t\t<\/div>\n\t\t\t\t\t\t<\/div>\n\t\t\t\t<\/div>\n\t\t\t\t<div class=\"elementor-element elementor-element-4309343 elementor-align-justify elementor-widget__width-initial elementor-widget-mobile__width-inherit elementor-invisible elementor-widget elementor-widget-button\" data-id=\"4309343\" data-element_type=\"widget\" data-settings=\"{&quot;_animation&quot;:&quot;fadeInUp&quot;,&quot;_animation_delay&quot;:600}\" data-widget_type=\"button.default\">\n\t\t\t\t<div class=\"elementor-widget-container\">\n\t\t\t\t\t<div class=\"elementor-button-wrapper\">\n\t\t\t<a href=\"#elementor-action%3Aaction%3Dlightbox%26settings%3DeyJ0eXBlIjoidmlkZW8iLCJ2aWRlb1R5cGUiOiJ5b3V0dWJlIiwidXJsIjoiaHR0cHM6XC9cL3d3dy55b3V0dWJlLmNvbVwvZW1iZWRcLzFLZHVHY1o2NzlrP2ZlYXR1cmU9b2VtYmVkIn0%3D\" class=\"elementor-button-link elementor-button elementor-size-sm elementor-animation-hang\" role=\"button\">\n\t\t\t\t\t\t<span class=\"elementor-button-content-wrapper\">\n\t\t\t\t\t\t<span class=\"elementor-button-icon elementor-align-icon-right\">\n\t\t\t\t<i aria-hidden=\"true\" class=\"fas fa-video\"><\/i>\t\t\t<\/span>\n\t\t\t\t\t\t<span class=\"elementor-button-text\">Video ansehen<\/span>\n\t\t<\/span>\n\t\t\t\t\t<\/a>\n\t\t<\/div>\n\t\t\t\t<\/div>\n\t\t\t\t<\/div>\n\t\t\t\t<div class=\"elementor-element elementor-element-33185b4 elementor-align-justify elementor-widget__width-initial elementor-widget-mobile__width-inherit elementor-invisible elementor-widget elementor-widget-button\" data-id=\"33185b4\" data-element_type=\"widget\" data-settings=\"{&quot;_animation&quot;:&quot;fadeInUp&quot;,&quot;_animation_delay&quot;:600}\" data-widget_type=\"button.default\">\n\t\t\t\t<div class=\"elementor-widget-container\">\n\t\t\t\t\t<div class=\"elementor-button-wrapper\">\n\t\t\t<a href=\"https:\/\/pulliez.com\/de\/shop-site\/\" class=\"elementor-button-link elementor-button elementor-size-sm elementor-animation-hang\" role=\"button\">\n\t\t\t\t\t\t<span class=\"elementor-button-content-wrapper\">\n\t\t\t\t\t\t<span class=\"elementor-button-icon elementor-align-icon-right\">\n\t\t\t\t<i aria-hidden=\"true\" class=\"fas fa-shopping-cart\"><\/i>\t\t\t<\/span>\n\t\t\t\t\t\t<span class=\"elementor-button-text\">Jetzt kaufen<\/span>\n\t\t<\/span>\n\t\t\t\t\t<\/a>\n\t\t<\/div>\n\t\t\t\t<\/div>\n\t\t\t\t<\/div>\n\t\t\t\t\t\t<\/div>\n\t\t\t\t\t<\/div>\n\t\t<\/div>\n\t\t\t\t<div class=\"elementor-column elementor-col-50 elementor-top-column elementor-element elementor-element-a6fc196\" data-id=\"a6fc196\" data-element_type=\"column\">\n\t\t\t<div class=\"elementor-column-wrap elementor-element-populated\">\n\t\t\t\t\t\t\t<div class=\"elementor-widget-wrap\">\n\t\t\t\t\t\t<div class=\"elementor-element elementor-element-87de8e1 elementor-aspect-ratio-169 elementor-widget elementor-widget-video\" data-id=\"87de8e1\" data-element_type=\"widget\" data-settings=\"{&quot;youtube_url&quot;:&quot;https:\\\/\\\/youtu.be\\\/qoY5PAGRoBo&quot;,&quot;show_image_overlay&quot;:&quot;yes&quot;,&quot;image_overlay&quot;:{&quot;url&quot;:&quot;https:\\\/\\\/pulliez.com\\\/wp-content\\\/uploads\\\/2020\\\/05\\\/Component-17-\\u2013-1@2x.png&quot;,&quot;id&quot;:18},&quot;lightbox&quot;:&quot;yes&quot;,&quot;video_type&quot;:&quot;youtube&quot;,&quot;controls&quot;:&quot;yes&quot;,&quot;aspect_ratio&quot;:&quot;169&quot;}\" data-widget_type=\"video.default\">\n\t\t\t\t<div class=\"elementor-widget-container\">\n\t\t\t\t\t<div class=\"elementor-wrapper elementor-open-lightbox\">\n\t\t\t\t\t\t\t<div class=\"elementor-custom-embed-image-overlay\" data-elementor-open-lightbox=\"yes\" data-elementor-lightbox=\"{&quot;type&quot;:&quot;video&quot;,&quot;videoType&quot;:&quot;youtube&quot;,&quot;url&quot;:&quot;https:\\\/\\\/www.youtube.com\\\/embed\\\/qoY5PAGRoBo?feature=oembed&amp;start&amp;end&amp;wmode=opaque&amp;loop=0&amp;controls=1&amp;mute=0&amp;rel=0&amp;modestbranding=0&quot;,&quot;modalOptions&quot;:{&quot;id&quot;:&quot;elementor-lightbox-87de8e1&quot;,&quot;entranceAnimation&quot;:&quot;&quot;,&quot;entranceAnimation_tablet&quot;:&quot;&quot;,&quot;entranceAnimation_mobile&quot;:&quot;&quot;,&quot;videoAspectRatio&quot;:&quot;169&quot;}}\">\n\t\t\t\t\t\t\t\t\t\t\t<img width=\"509\" height=\"511\" src=\"https:\/\/pulliez.com\/wp-content\/uploads\/2020\/05\/Component-17-\u2013-1@2x.png\" class=\"attachment-large size-large\" alt=\"\" loading=\"lazy\" srcset=\"https:\/\/pulliez.com\/wp-content\/uploads\/2020\/05\/Component-17-\u2013-1@2x.png 509w, https:\/\/pulliez.com\/wp-content\/uploads\/2020\/05\/Component-17-\u2013-1@2x-300x300.png 300w, https:\/\/pulliez.com\/wp-content\/uploads\/2020\/05\/Component-17-\u2013-1@2x-100x100.png 100w, https:\/\/pulliez.com\/wp-content\/uploads\/2020\/05\/Component-17-\u2013-1@2x-150x150.png 150w\" sizes=\"(max-width: 509px) 100vw, 509px\" \/>\t\t\t\t\t\t\t\t\t\t\t\t\t\t\t\t<div class=\"elementor-custom-embed-play\" role=\"button\">\n\t\t\t\t\t\t\t<i aria-hidden=\"true\" class=\"eicon-play\"><\/i>\t\t\t\t\t\t\t<span class=\"elementor-screen-only\">Video abspielen<\/span>\n\t\t\t\t\t\t<\/div>\n\t\t\t\t\t\t\t\t\t<\/div>\n\t\t\t\t\t<\/div>\n\t\t\t\t<\/div>\n\t\t\t\t<\/div>\n\t\t\t\t\t\t<\/div>\n\t\t\t\t\t<\/div>\n\t\t<\/div>\n\t\t\t\t\t\t\t\t<\/div>\n\t\t\t\t\t<\/div>\n\t\t<\/section>\n\t\t\t\t<section class=\"elementor-section elementor-top-section elementor-element elementor-element-401f55a elementor-section-boxed elementor-section-height-default elementor-section-height-default\" data-id=\"401f55a\" data-element_type=\"section\">\n\t\t\t\t\t\t<div class=\"elementor-container elementor-column-gap-default\">\n\t\t\t\t\t\t\t<div class=\"elementor-row\">\n\t\t\t\t\t<div class=\"elementor-column elementor-col-100 elementor-top-column elementor-element elementor-element-18faa64\" data-id=\"18faa64\" data-element_type=\"column\">\n\t\t\t<div class=\"elementor-column-wrap elementor-element-populated\">\n\t\t\t\t\t\t\t<div class=\"elementor-widget-wrap\">\n\t\t\t\t\t\t<div class=\"elementor-element elementor-element-19bdf48 elementor-widget elementor-widget-image\" data-id=\"19bdf48\" data-element_type=\"widget\" data-widget_type=\"image.default\">\n\t\t\t\t<div class=\"elementor-widget-container\">\n\t\t\t\t\t\t\t\t<div class=\"elementor-image\">\n\t\t\t\t\t\t\t\t\t\t\t\t\t<a href=\"https:\/\/pulliez.com\/wp-content\/uploads\/2020\/07\/Pullies-socks-advantages-3-01-1.jpg\" data-elementor-open-lightbox=\"yes\" data-elementor-lightbox-title=\"Pullies socks advantages-3 -01\">\n\t\t\t\t\t\t\t<img width=\"1024\" height=\"561\" src=\"https:\/\/pulliez.com\/wp-content\/uploads\/2020\/07\/Pullies-socks-advantages-3-01-1-1024x561.jpg\" class=\"attachment-large size-large\" alt=\"\" loading=\"lazy\" srcset=\"https:\/\/pulliez.com\/wp-content\/uploads\/2020\/07\/Pullies-socks-advantages-3-01-1-1024x561.jpg 1024w, https:\/\/pulliez.com\/wp-content\/uploads\/2020\/07\/Pullies-socks-advantages-3-01-1-300x164.jpg 300w, https:\/\/pulliez.com\/wp-content\/uploads\/2020\/07\/Pullies-socks-advantages-3-01-1-768x421.jpg 768w, https:\/\/pulliez.com\/wp-content\/uploads\/2020\/07\/Pullies-socks-advantages-3-01-1-600x329.jpg 600w, https:\/\/pulliez.com\/wp-content\/uploads\/2020\/07\/Pullies-socks-advantages-3-01-1.jpg 1501w\" sizes=\"(max-width: 1024px) 100vw, 1024px\" \/>\t\t\t\t\t\t\t\t<\/a>\n\t\t\t\t\t\t\t\t\t\t\t\t\t\t<\/div>\n\t\t\t\t\t\t<\/div>\n\t\t\t\t<\/div>\n\t\t\t\t\t\t<\/div>\n\t\t\t\t\t<\/div>\n\t\t<\/div>\n\t\t\t\t\t\t\t\t<\/div>\n\t\t\t\t\t<\/div>\n\t\t<\/section>\n\t\t\t\t<section class=\"elementor-section elementor-top-section elementor-element elementor-element-6ace1ac elementor-section-content-middle elementor-section-boxed elementor-section-height-default elementor-section-height-default\" data-id=\"6ace1ac\" data-element_type=\"section\">\n\t\t\t\t\t\t<div class=\"elementor-container elementor-column-gap-default\">\n\t\t\t\t\t\t\t<div class=\"elementor-row\">\n\t\t\t\t\t<div class=\"elementor-column elementor-col-25 elementor-top-column elementor-element elementor-element-8d63370\" data-id=\"8d63370\" data-element_type=\"column\">\n\t\t\t<div class=\"elementor-column-wrap elementor-element-populated\">\n\t\t\t\t\t\t\t<div class=\"elementor-widget-wrap\">\n\t\t\t\t\t\t<div class=\"elementor-element elementor-element-d50af85 elementor-widget elementor-widget-image\" data-id=\"d50af85\" data-element_type=\"widget\" data-widget_type=\"image.default\">\n\t\t\t\t<div class=\"elementor-widget-container\">\n\t\t\t\t\t\t\t\t<div class=\"elementor-image\">\n\t\t\t\t\t\t\t\t\t\t\t\t<img width=\"1024\" height=\"332\" src=\"https:\/\/pulliez.com\/wp-content\/uploads\/2020\/07\/Pulliez-Logos-1-1024x332.png\" class=\"attachment-large size-large\" alt=\"\" loading=\"lazy\" srcset=\"https:\/\/pulliez.com\/wp-content\/uploads\/2020\/07\/Pulliez-Logos-1-1024x332.png 1024w, https:\/\/pulliez.com\/wp-content\/uploads\/2020\/07\/Pulliez-Logos-1-300x97.png 300w, https:\/\/pulliez.com\/wp-content\/uploads\/2020\/07\/Pulliez-Logos-1-768x249.png 768w, https:\/\/pulliez.com\/wp-content\/uploads\/2020\/07\/Pulliez-Logos-1-1536x499.png 1536w, https:\/\/pulliez.com\/wp-content\/uploads\/2020\/07\/Pulliez-Logos-1-600x195.png 600w, https:\/\/pulliez.com\/wp-content\/uploads\/2020\/07\/Pulliez-Logos-1.png 1648w\" sizes=\"(max-width: 1024px) 100vw, 1024px\" \/>\t\t\t\t\t\t\t\t\t\t\t\t\t\t<\/div>\n\t\t\t\t\t\t<\/div>\n\t\t\t\t<\/div>\n\t\t\t\t\t\t<\/div>\n\t\t\t\t\t<\/div>\n\t\t<\/div>\n\t\t\t\t<div class=\"elementor-column elementor-col-25 elementor-top-column elementor-element elementor-element-614572d\" data-id=\"614572d\" data-element_type=\"column\">\n\t\t\t<div class=\"elementor-column-wrap elementor-element-populated\">\n\t\t\t\t\t\t\t<div class=\"elementor-widget-wrap\">\n\t\t\t\t\t\t<div class=\"elementor-element elementor-element-5d1e2af elementor-widget elementor-widget-image\" data-id=\"5d1e2af\" data-element_type=\"widget\" data-widget_type=\"image.default\">\n\t\t\t\t<div class=\"elementor-widget-container\">\n\t\t\t\t\t\t\t\t<div class=\"elementor-image\">\n\t\t\t\t\t\t\t\t\t\t\t\t<img width=\"269\" height=\"86\" src=\"https:\/\/pulliez.com\/wp-content\/uploads\/2020\/07\/Pulliez-Logos-3.png\" class=\"attachment-large size-large\" alt=\"\" loading=\"lazy\" \/>\t\t\t\t\t\t\t\t\t\t\t\t\t\t<\/div>\n\t\t\t\t\t\t<\/div>\n\t\t\t\t<\/div>\n\t\t\t\t\t\t<\/div>\n\t\t\t\t\t<\/div>\n\t\t<\/div>\n\t\t\t\t<div class=\"elementor-column elementor-col-25 elementor-top-column elementor-element elementor-element-4cf3010\" data-id=\"4cf3010\" data-element_type=\"column\">\n\t\t\t<div class=\"elementor-column-wrap elementor-element-populated\">\n\t\t\t\t\t\t\t<div class=\"elementor-widget-wrap\">\n\t\t\t\t\t\t<div class=\"elementor-element elementor-element-79280d4 elementor-widget elementor-widget-image\" data-id=\"79280d4\" data-element_type=\"widget\" data-widget_type=\"image.default\">\n\t\t\t\t<div class=\"elementor-widget-container\">\n\t\t\t\t\t\t\t\t<div class=\"elementor-image\">\n\t\t\t\t\t\t\t\t\t\t\t\t<img width=\"598\" height=\"189\" src=\"https:\/\/pulliez.com\/wp-content\/uploads\/2020\/07\/Pulliez-Logos-2.png\" class=\"attachment-large size-large\" alt=\"\" loading=\"lazy\" srcset=\"https:\/\/pulliez.com\/wp-content\/uploads\/2020\/07\/Pulliez-Logos-2.png 598w, https:\/\/pulliez.com\/wp-content\/uploads\/2020\/07\/Pulliez-Logos-2-300x95.png 300w\" sizes=\"(max-width: 598px) 100vw, 598px\" \/>\t\t\t\t\t\t\t\t\t\t\t\t\t\t<\/div>\n\t\t\t\t\t\t<\/div>\n\t\t\t\t<\/div>\n\t\t\t\t\t\t<\/div>\n\t\t\t\t\t<\/div>\n\t\t<\/div>\n\t\t\t\t<div class=\"elementor-column elementor-col-25 elementor-top-column elementor-element elementor-element-ddacf71\" data-id=\"ddacf71\" data-element_type=\"column\">\n\t\t\t<div class=\"elementor-column-wrap elementor-element-populated\">\n\t\t\t\t\t\t\t<div class=\"elementor-widget-wrap\">\n\t\t\t\t\t\t<div class=\"elementor-element elementor-element-85fdc06 elementor-widget elementor-widget-image\" data-id=\"85fdc06\" data-element_type=\"widget\" data-widget_type=\"image.default\">\n\t\t\t\t<div class=\"elementor-widget-container\">\n\t\t\t\t\t\t\t\t<div class=\"elementor-image\">\n\t\t\t\t\t\t\t\t\t\t\t\t<img width=\"1024\" height=\"283\" src=\"https:\/\/pulliez.com\/wp-content\/uploads\/2020\/07\/Pulliez-Logos-4-1024x283.png\" class=\"attachment-large size-large\" alt=\"\" loading=\"lazy\" srcset=\"https:\/\/pulliez.com\/wp-content\/uploads\/2020\/07\/Pulliez-Logos-4-1024x283.png 1024w, https:\/\/pulliez.com\/wp-content\/uploads\/2020\/07\/Pulliez-Logos-4-300x83.png 300w, https:\/\/pulliez.com\/wp-content\/uploads\/2020\/07\/Pulliez-Logos-4-768x212.png 768w, https:\/\/pulliez.com\/wp-content\/uploads\/2020\/07\/Pulliez-Logos-4-600x166.png 600w, https:\/\/pulliez.com\/wp-content\/uploads\/2020\/07\/Pulliez-Logos-4.png 1515w\" sizes=\"(max-width: 1024px) 100vw, 1024px\" \/>\t\t\t\t\t\t\t\t\t\t\t\t\t\t<\/div>\n\t\t\t\t\t\t<\/div>\n\t\t\t\t<\/div>\n\t\t\t\t\t\t<\/div>\n\t\t\t\t\t<\/div>\n\t\t<\/div>\n\t\t\t\t\t\t\t\t<\/div>\n\t\t\t\t\t<\/div>\n\t\t<\/section>\n\t\t\t\t\t\t<\/div>\n\t\t\t\t\t\t<\/div>\n\t\t\t\t\t<\/div>\n\t\t","protected":false},"excerpt":{"rendered":"<p>GUT F\u00dcR DICH. GUT F\u00dcR DIE UMWELT. Wir von Pulliez setzen uns von der Produktion bis zur Verpackung f\u00fcr den Umweltschutz ein. Das f\u00fcr die Herstellung von PulliezTM\u00a0verwendete Garn besteht aus recycelten Flaschen von\u00a0REPREVE\u00ae,\u00a0einem weltweit f\u00fchrenden Unternehmen f\u00fcr Recyclingfasern.Da wir 28 Paar in einer einzigen kompakten Box anbieten, sparen wir Verpackungsmaterial und reduzieren unseren \u00f6kologischen [&hellip;]<\/p>\n","protected":false},"author":1,"featured_media":0,"parent":0,"menu_order":0,"comment_status":"closed","ping_status":"closed","template":"","meta":[],"acf":[],"yoast_head":"<!-- This site is optimized with the Yoast SEO plugin v18.0 - https:\/\/yoast.com\/wordpress\/plugins\/seo\/ -->\n<title>Nachhaltigkeit - Pulliez<\/title>\n<meta name=\"robots\" content=\"index, follow, max-snippet:-1, max-image-preview:large, max-video-preview:-1\" \/>\n<link rel=\"canonical\" href=\"https:\/\/pulliez.com\/de\/nachhaltigkeit\/\" \/>\n<meta property=\"og:locale\" content=\"de_DE\" \/>\n<meta property=\"og:type\" content=\"article\" \/>\n<meta property=\"og:title\" content=\"Nachhaltigkeit - Pulliez\" \/>\n<meta property=\"og:description\" content=\"GUT F\u00dcR DICH. GUT F\u00dcR DIE UMWELT. Wir von Pulliez setzen uns von der Produktion bis zur Verpackung f\u00fcr den Umweltschutz ein. Das f\u00fcr die Herstellung von PulliezTM\u00a0verwendete Garn besteht aus recycelten Flaschen von\u00a0REPREVE\u00ae,\u00a0einem weltweit f\u00fchrenden Unternehmen f\u00fcr Recyclingfasern.Da wir 28 Paar in einer einzigen kompakten Box anbieten, sparen wir Verpackungsmaterial und reduzieren unseren \u00f6kologischen [&hellip;]\" \/>\n<meta property=\"og:url\" content=\"https:\/\/pulliez.com\/de\/nachhaltigkeit\/\" \/>\n<meta property=\"og:site_name\" content=\"Pulliez\" \/>\n<meta property=\"article:publisher\" content=\"https:\/\/www.facebook.com\/pulliezmydailysocks\" \/>\n<meta property=\"article:modified_time\" content=\"2021-07-28T16:33:52+00:00\" \/>\n<meta property=\"og:image\" content=\"https:\/\/pulliez.com\/wp-content\/uploads\/2020\/07\/Pullies-socks-advantages-3-01-1-1024x561.jpg\" \/>\n<meta name=\"twitter:card\" content=\"summary_large_image\" \/>\n<meta name=\"twitter:label1\" content=\"Gesch\u00e4tzte Lesezeit\" \/>\n\t<meta name=\"twitter:data1\" content=\"2\u00a0Minuten\" \/>\n<script type=\"application\/ld+json\" class=\"yoast-schema-graph\">{\"@context\":\"https:\/\/schema.org\",\"@graph\":[{\"@type\":\"WebSite\",\"@id\":\"https:\/\/pulliez.com\/#website\",\"url\":\"https:\/\/pulliez.com\/\",\"name\":\"Pulliez\",\"description\":\"My Daily Socks\",\"potentialAction\":[{\"@type\":\"SearchAction\",\"target\":{\"@type\":\"EntryPoint\",\"urlTemplate\":\"https:\/\/pulliez.com\/?s={search_term_string}\"},\"query-input\":\"required name=search_term_string\"}],\"inLanguage\":\"de\"},{\"@type\":\"ImageObject\",\"@id\":\"https:\/\/pulliez.com\/de\/nachhaltigkeit\/#primaryimage\",\"inLanguage\":\"de\",\"url\":\"https:\/\/pulliez.com\/wp-content\/uploads\/2020\/07\/Pullies-socks-advantages-3-01-1.jpg\",\"contentUrl\":\"https:\/\/pulliez.com\/wp-content\/uploads\/2020\/07\/Pullies-socks-advantages-3-01-1.jpg\",\"width\":1501,\"height\":822},{\"@type\":\"WebPage\",\"@id\":\"https:\/\/pulliez.com\/de\/nachhaltigkeit\/#webpage\",\"url\":\"https:\/\/pulliez.com\/de\/nachhaltigkeit\/\",\"name\":\"Nachhaltigkeit - Pulliez\",\"isPartOf\":{\"@id\":\"https:\/\/pulliez.com\/#website\"},\"primaryImageOfPage\":{\"@id\":\"https:\/\/pulliez.com\/de\/nachhaltigkeit\/#primaryimage\"},\"datePublished\":\"2020-08-10T08:12:47+00:00\",\"dateModified\":\"2021-07-28T16:33:52+00:00\",\"breadcrumb\":{\"@id\":\"https:\/\/pulliez.com\/de\/nachhaltigkeit\/#breadcrumb\"},\"inLanguage\":\"de\",\"potentialAction\":[{\"@type\":\"ReadAction\",\"target\":[\"https:\/\/pulliez.com\/de\/nachhaltigkeit\/\"]}]},{\"@type\":\"BreadcrumbList\",\"@id\":\"https:\/\/pulliez.com\/de\/nachhaltigkeit\/#breadcrumb\",\"itemListElement\":[{\"@type\":\"ListItem\",\"position\":1,\"name\":\"\u05d3\u05e3 \u05d4\u05d1\u05d9\u05ea\",\"item\":\"https:\/\/pulliez.com\/de\/\"},{\"@type\":\"ListItem\",\"position\":2,\"name\":\"Nachhaltigkeit\"}]}]}<\/script>\n<!-- \/ Yoast SEO plugin. -->","yoast_head_json":{"title":"Nachhaltigkeit - Pulliez","robots":{"index":"index","follow":"follow","max-snippet":"max-snippet:-1","max-image-preview":"max-image-preview:large","max-video-preview":"max-video-preview:-1"},"canonical":"https:\/\/pulliez.com\/de\/nachhaltigkeit\/","og_locale":"de_DE","og_type":"article","og_title":"Nachhaltigkeit - Pulliez","og_description":"GUT F\u00dcR DICH. GUT F\u00dcR DIE UMWELT. Wir von Pulliez setzen uns von der Produktion bis zur Verpackung f\u00fcr den Umweltschutz ein. Das f\u00fcr die Herstellung von PulliezTM\u00a0verwendete Garn besteht aus recycelten Flaschen von\u00a0REPREVE\u00ae,\u00a0einem weltweit f\u00fchrenden Unternehmen f\u00fcr Recyclingfasern.Da wir 28 Paar in einer einzigen kompakten Box anbieten, sparen wir Verpackungsmaterial und reduzieren unseren \u00f6kologischen [&hellip;]","og_url":"https:\/\/pulliez.com\/de\/nachhaltigkeit\/","og_site_name":"Pulliez","article_publisher":"https:\/\/www.facebook.com\/pulliezmydailysocks","article_modified_time":"2021-07-28T16:33:52+00:00","og_image":[{"url":"https:\/\/pulliez.com\/wp-content\/uploads\/2020\/07\/Pullies-socks-advantages-3-01-1-1024x561.jpg"}],"twitter_card":"summary_large_image","twitter_misc":{"Gesch\u00e4tzte Lesezeit":"2\u00a0Minuten"},"schema":{"@context":"https:\/\/schema.org","@graph":[{"@type":"WebSite","@id":"https:\/\/pulliez.com\/#website","url":"https:\/\/pulliez.com\/","name":"Pulliez","description":"My Daily Socks","potentialAction":[{"@type":"SearchAction","target":{"@type":"EntryPoint","urlTemplate":"https:\/\/pulliez.com\/?s={search_term_string}"},"query-input":"required name=search_term_string"}],"inLanguage":"de"},{"@type":"ImageObject","@id":"https:\/\/pulliez.com\/de\/nachhaltigkeit\/#primaryimage","inLanguage":"de","url":"https:\/\/pulliez.com\/wp-content\/uploads\/2020\/07\/Pullies-socks-advantages-3-01-1.jpg","contentUrl":"https:\/\/pulliez.com\/wp-content\/uploads\/2020\/07\/Pullies-socks-advantages-3-01-1.jpg","width":1501,"height":822},{"@type":"WebPage","@id":"https:\/\/pulliez.com\/de\/nachhaltigkeit\/#webpage","url":"https:\/\/pulliez.com\/de\/nachhaltigkeit\/","name":"Nachhaltigkeit - Pulliez","isPartOf":{"@id":"https:\/\/pulliez.com\/#website"},"primaryImageOfPage":{"@id":"https:\/\/pulliez.com\/de\/nachhaltigkeit\/#primaryimage"},"datePublished":"2020-08-10T08:12:47+00:00","dateModified":"2021-07-28T16:33:52+00:00","breadcrumb":{"@id":"https:\/\/pulliez.com\/de\/nachhaltigkeit\/#breadcrumb"},"inLanguage":"de","potentialAction":[{"@type":"ReadAction","target":["https:\/\/pulliez.com\/de\/nachhaltigkeit\/"]}]},{"@type":"BreadcrumbList","@id":"https:\/\/pulliez.com\/de\/nachhaltigkeit\/#breadcrumb","itemListElement":[{"@type":"ListItem","position":1,"name":"\u05d3\u05e3 \u05d4\u05d1\u05d9\u05ea","item":"https:\/\/pulliez.com\/de\/"},{"@type":"ListItem","position":2,"name":"Nachhaltigkeit"}]}]}},"_links":{"self":[{"href":"https:\/\/pulliez.com\/de\/wp-json\/wp\/v2\/pages\/921"}],"collection":[{"href":"https:\/\/pulliez.com\/de\/wp-json\/wp\/v2\/pages"}],"about":[{"href":"https:\/\/pulliez.com\/de\/wp-json\/wp\/v2\/types\/page"}],"author":[{"embeddable":true,"href":"https:\/\/pulliez.com\/de\/wp-json\/wp\/v2\/users\/1"}],"replies":[{"embeddable":true,"href":"https:\/\/pulliez.com\/de\/wp-json\/wp\/v2\/comments?post=921"}],"version-history":[{"count":9,"href":"https:\/\/pulliez.com\/de\/wp-json\/wp\/v2\/pages\/921\/revisions"}],"predecessor-version":[{"id":8110,"href":"https:\/\/pulliez.com\/de\/wp-json\/wp\/v2\/pages\/921\/revisions\/8110"}],"wp:attachment":[{"href":"https:\/\/pulliez.com\/de\/wp-json\/wp\/v2\/media?parent=921"}],"curies":[{"name":"wp","href":"https:\/\/api.w.org\/{rel}","templated":true}]}}