{"id":943,"date":"2020-08-10T11:23:51","date_gmt":"2020-08-10T08:23:51","guid":{"rendered":"https:\/\/pulliez.com\/faq\/"},"modified":"2021-04-20T15:47:46","modified_gmt":"2021-04-20T12:47:46","slug":"faq","status":"publish","type":"page","link":"https:\/\/pulliez.com\/de\/faq\/","title":{"rendered":"FAQ"},"content":{"rendered":"\t\t<div data-elementor-type=\"wp-page\" data-elementor-id=\"943\" class=\"elementor elementor-943 elementor-101\" data-elementor-settings=\"[]\">\n\t\t\t\t\t\t<div class=\"elementor-inner\">\n\t\t\t\t\t\t\t<div class=\"elementor-section-wrap\">\n\t\t\t\t\t\t\t<section class=\"elementor-section elementor-top-section elementor-element elementor-element-5db895f elementor-section-boxed elementor-section-height-default elementor-section-height-default\" data-id=\"5db895f\" data-element_type=\"section\">\n\t\t\t\t\t\t<div class=\"elementor-container elementor-column-gap-default\">\n\t\t\t\t\t\t\t<div class=\"elementor-row\">\n\t\t\t\t\t<div class=\"elementor-column elementor-col-100 elementor-top-column elementor-element elementor-element-217d4fb\" data-id=\"217d4fb\" data-element_type=\"column\">\n\t\t\t<div class=\"elementor-column-wrap elementor-element-populated\">\n\t\t\t\t\t\t\t<div class=\"elementor-widget-wrap\">\n\t\t\t\t\t\t<div class=\"elementor-element elementor-element-a76ce30 elementor-widget elementor-widget-accordion\" data-id=\"a76ce30\" data-element_type=\"widget\" data-widget_type=\"accordion.default\">\n\t\t\t\t<div class=\"elementor-widget-container\">\n\t\t\t\t\t<div class=\"elementor-accordion\" role=\"tablist\">\n\t\t\t\t\t\t\t<div class=\"elementor-accordion-item\">\n\t\t\t\t\t<div id=\"elementor-tab-title-1751\" class=\"elementor-tab-title\" data-tab=\"1\" role=\"tab\" aria-controls=\"elementor-tab-content-1751\" aria-expanded=\"false\">\n\t\t\t\t\t\t\t\t\t\t\t\t\t<span class=\"elementor-accordion-icon elementor-accordion-icon-left\" aria-hidden=\"true\">\n\t\t\t\t\t\t\t\t\t\t\t\t\t\t\t<span class=\"elementor-accordion-icon-closed\"><i class=\"fas fa-plus\"><\/i><\/span>\n\t\t\t\t\t\t\t\t<span class=\"elementor-accordion-icon-opened\"><i class=\"fas fa-minus\"><\/i><\/span>\n\t\t\t\t\t\t\t\t\t\t\t\t\t\t<\/span>\n\t\t\t\t\t\t\t\t\t\t\t\t<a class=\"elementor-accordion-title\" href=\"\">Sind die Pulliez Socken Einwegartikel?<\/a>\n\t\t\t\t\t<\/div>\n\t\t\t\t\t<div id=\"elementor-tab-content-1751\" class=\"elementor-tab-content elementor-clearfix\" data-tab=\"1\" role=\"tabpanel\" aria-labelledby=\"elementor-tab-title-1751\"><p>Nein, Pulliez Socken sind definitiv keine Einwegsocken! Die Pulliez Socken sind waschmaschinenfest und selbstverst\u00e4ndlich wiederverwendbar. Das Material ist langlebig und f\u00fcr ein langes Sockenleben konzipiert.<\/p><\/div>\n\t\t\t\t<\/div>\n\t\t\t\t\t\t\t<div class=\"elementor-accordion-item\">\n\t\t\t\t\t<div id=\"elementor-tab-title-1752\" class=\"elementor-tab-title\" data-tab=\"2\" role=\"tab\" aria-controls=\"elementor-tab-content-1752\" aria-expanded=\"false\">\n\t\t\t\t\t\t\t\t\t\t\t\t\t<span class=\"elementor-accordion-icon elementor-accordion-icon-left\" aria-hidden=\"true\">\n\t\t\t\t\t\t\t\t\t\t\t\t\t\t\t<span class=\"elementor-accordion-icon-closed\"><i class=\"fas fa-plus\"><\/i><\/span>\n\t\t\t\t\t\t\t\t<span class=\"elementor-accordion-icon-opened\"><i class=\"fas fa-minus\"><\/i><\/span>\n\t\t\t\t\t\t\t\t\t\t\t\t\t\t<\/span>\n\t\t\t\t\t\t\t\t\t\t\t\t<a class=\"elementor-accordion-title\" href=\"\">Sind die Socken in guter Qualit\u00e4t? <\/a>\n\t\t\t\t\t<\/div>\n\t\t\t\t\t<div id=\"elementor-tab-content-1752\" class=\"elementor-tab-content elementor-clearfix\" data-tab=\"2\" role=\"tabpanel\" aria-labelledby=\"elementor-tab-title-1752\"><p>Aber klar. Die Pulliez Socken haben eine hohe Dichte und eine hochwertige atmungsaktive Oberfl\u00e4che, die f\u00fcr den maximalen Komfort sehr weich und flexibel ist.<\/p><\/div>\n\t\t\t\t<\/div>\n\t\t\t\t\t\t\t<div class=\"elementor-accordion-item\">\n\t\t\t\t\t<div id=\"elementor-tab-title-1753\" class=\"elementor-tab-title\" data-tab=\"3\" role=\"tab\" aria-controls=\"elementor-tab-content-1753\" aria-expanded=\"false\">\n\t\t\t\t\t\t\t\t\t\t\t\t\t<span class=\"elementor-accordion-icon elementor-accordion-icon-left\" aria-hidden=\"true\">\n\t\t\t\t\t\t\t\t\t\t\t\t\t\t\t<span class=\"elementor-accordion-icon-closed\"><i class=\"fas fa-plus\"><\/i><\/span>\n\t\t\t\t\t\t\t\t<span class=\"elementor-accordion-icon-opened\"><i class=\"fas fa-minus\"><\/i><\/span>\n\t\t\t\t\t\t\t\t\t\t\t\t\t\t<\/span>\n\t\t\t\t\t\t\t\t\t\t\t\t<a class=\"elementor-accordion-title\" href=\"\">M\u00fcssen die Socken vor dem Gebrauch gewaschen werden? <\/a>\n\t\t\t\t\t<\/div>\n\t\t\t\t\t<div id=\"elementor-tab-content-1753\" class=\"elementor-tab-content elementor-clearfix\" data-tab=\"3\" role=\"tabpanel\" aria-labelledby=\"elementor-tab-title-1753\"><p>Nein, die Socken m\u00fcssen vor dem Gebrauch nicht gewaschen werden, da wir unsere Pulliez Socken bereits waschen und unter hygienischen Bedingungen verpacken.<\/p><\/div>\n\t\t\t\t<\/div>\n\t\t\t\t\t\t\t<div class=\"elementor-accordion-item\">\n\t\t\t\t\t<div id=\"elementor-tab-title-1754\" class=\"elementor-tab-title\" data-tab=\"4\" role=\"tab\" aria-controls=\"elementor-tab-content-1754\" aria-expanded=\"false\">\n\t\t\t\t\t\t\t\t\t\t\t\t\t<span class=\"elementor-accordion-icon elementor-accordion-icon-left\" aria-hidden=\"true\">\n\t\t\t\t\t\t\t\t\t\t\t\t\t\t\t<span class=\"elementor-accordion-icon-closed\"><i class=\"fas fa-plus\"><\/i><\/span>\n\t\t\t\t\t\t\t\t<span class=\"elementor-accordion-icon-opened\"><i class=\"fas fa-minus\"><\/i><\/span>\n\t\t\t\t\t\t\t\t\t\t\t\t\t\t<\/span>\n\t\t\t\t\t\t\t\t\t\t\t\t<a class=\"elementor-accordion-title\" href=\"\">Nachhaltigkeit - Wie helfen wir der Umwelt mit Pulliez? <\/a>\n\t\t\t\t\t<\/div>\n\t\t\t\t\t<div id=\"elementor-tab-content-1754\" class=\"elementor-tab-content elementor-clearfix\" data-tab=\"4\" role=\"tabpanel\" aria-labelledby=\"elementor-tab-title-1754\"><p>Pulliez sch\u00fctzt die Umwelt auf unterschiedliche Weise und in dem wir st\u00e4ndig nach neuen Wegen suchen, unseren CO2 Fu\u00dfabdruck zu verringern:<\/p><p>\u2013 Wir machen recycelte Fasern aus recycelten Plastikflaschen! Und bevor du fragst, es ist das gleiche Material, aus dem zum Beispiel innovative Sportbekleidung heute hergestellt wird. Das heisst weich und atmungsaktiv!<\/p><p>\u2013 Wir verpacken 28 Paare in eine Box und reduzieren Verpackungsmaterial. Kein Plastik und keine extra Verpackung der einzelnen Paare.<\/p><p>\u2013 Unsere Produktionsanlagen verf\u00fcgen \u00fcber einen hohen und gepr\u00fcften Standard f\u00fcr den Umweltschutz, z.B. minimaler Wasserverbrauch und keine Verwendung toxischer Substanzen.<\/p><\/div>\n\t\t\t\t<\/div>\n\t\t\t\t\t\t\t<div class=\"elementor-accordion-item\">\n\t\t\t\t\t<div id=\"elementor-tab-title-1755\" class=\"elementor-tab-title\" data-tab=\"5\" role=\"tab\" aria-controls=\"elementor-tab-content-1755\" aria-expanded=\"false\">\n\t\t\t\t\t\t\t\t\t\t\t\t\t<span class=\"elementor-accordion-icon elementor-accordion-icon-left\" aria-hidden=\"true\">\n\t\t\t\t\t\t\t\t\t\t\t\t\t\t\t<span class=\"elementor-accordion-icon-closed\"><i class=\"fas fa-plus\"><\/i><\/span>\n\t\t\t\t\t\t\t\t<span class=\"elementor-accordion-icon-opened\"><i class=\"fas fa-minus\"><\/i><\/span>\n\t\t\t\t\t\t\t\t\t\t\t\t\t\t<\/span>\n\t\t\t\t\t\t\t\t\t\t\t\t<a class=\"elementor-accordion-title\" href=\"\">Kann die Pulliez-Box recycelt werden? <\/a>\n\t\t\t\t\t<\/div>\n\t\t\t\t\t<div id=\"elementor-tab-content-1755\" class=\"elementor-tab-content elementor-clearfix\" data-tab=\"5\" role=\"tabpanel\" aria-labelledby=\"elementor-tab-title-1755\"><p>Ja, unsere Schachtel ist aus recyclebarem Altpapier hergestellt.<\/p><\/div>\n\t\t\t\t<\/div>\n\t\t\t\t\t\t\t<div class=\"elementor-accordion-item\">\n\t\t\t\t\t<div id=\"elementor-tab-title-1756\" class=\"elementor-tab-title\" data-tab=\"6\" role=\"tab\" aria-controls=\"elementor-tab-content-1756\" aria-expanded=\"false\">\n\t\t\t\t\t\t\t\t\t\t\t\t\t<span class=\"elementor-accordion-icon elementor-accordion-icon-left\" aria-hidden=\"true\">\n\t\t\t\t\t\t\t\t\t\t\t\t\t\t\t<span class=\"elementor-accordion-icon-closed\"><i class=\"fas fa-plus\"><\/i><\/span>\n\t\t\t\t\t\t\t\t<span class=\"elementor-accordion-icon-opened\"><i class=\"fas fa-minus\"><\/i><\/span>\n\t\t\t\t\t\t\t\t\t\t\t\t\t\t<\/span>\n\t\t\t\t\t\t\t\t\t\t\t\t<a class=\"elementor-accordion-title\" href=\"\">Warum ist R\u00f6hrenform der Socken so praktisch? <\/a>\n\t\t\t\t\t<\/div>\n\t\t\t\t\t<div id=\"elementor-tab-content-1756\" class=\"elementor-tab-content elementor-clearfix\" data-tab=\"6\" role=\"tabpanel\" aria-labelledby=\"elementor-tab-title-1756\"><p>Die Form hat keine eingen\u00e4hte Ferse, aber dank des zus\u00e4tzlichen Elasthans sind die Pulliez Socken flexibel und haben f\u00fcr jeden Fu\u00df die perfekte Passform.<\/p><\/div>\n\t\t\t\t<\/div>\n\t\t\t\t\t\t\t<div class=\"elementor-accordion-item\">\n\t\t\t\t\t<div id=\"elementor-tab-title-1757\" class=\"elementor-tab-title\" data-tab=\"7\" role=\"tab\" aria-controls=\"elementor-tab-content-1757\" aria-expanded=\"false\">\n\t\t\t\t\t\t\t\t\t\t\t\t\t<span class=\"elementor-accordion-icon elementor-accordion-icon-left\" aria-hidden=\"true\">\n\t\t\t\t\t\t\t\t\t\t\t\t\t\t\t<span class=\"elementor-accordion-icon-closed\"><i class=\"fas fa-plus\"><\/i><\/span>\n\t\t\t\t\t\t\t\t<span class=\"elementor-accordion-icon-opened\"><i class=\"fas fa-minus\"><\/i><\/span>\n\t\t\t\t\t\t\t\t\t\t\t\t\t\t<\/span>\n\t\t\t\t\t\t\t\t\t\t\t\t<a class=\"elementor-accordion-title\" href=\"\">Warum werden die Socken nur in schwarz und wei\u00df angeboten? <\/a>\n\t\t\t\t\t<\/div>\n\t\t\t\t\t<div id=\"elementor-tab-content-1757\" class=\"elementor-tab-content elementor-clearfix\" data-tab=\"7\" role=\"tabpanel\" aria-labelledby=\"elementor-tab-title-1757\"><p>Keep it simple: Wir wollen uns auf die Grundfarben beschr\u00e4nken, damit alle Socken nach dem Waschen identisch aus der Maschine kommen und man nicht sortieren muss!<\/p><\/div>\n\t\t\t\t<\/div>\n\t\t\t\t\t\t\t<div class=\"elementor-accordion-item\">\n\t\t\t\t\t<div id=\"elementor-tab-title-1758\" class=\"elementor-tab-title\" data-tab=\"8\" role=\"tab\" aria-controls=\"elementor-tab-content-1758\" aria-expanded=\"false\">\n\t\t\t\t\t\t\t\t\t\t\t\t\t<span class=\"elementor-accordion-icon elementor-accordion-icon-left\" aria-hidden=\"true\">\n\t\t\t\t\t\t\t\t\t\t\t\t\t\t\t<span class=\"elementor-accordion-icon-closed\"><i class=\"fas fa-plus\"><\/i><\/span>\n\t\t\t\t\t\t\t\t<span class=\"elementor-accordion-icon-opened\"><i class=\"fas fa-minus\"><\/i><\/span>\n\t\t\t\t\t\t\t\t\t\t\t\t\t\t<\/span>\n\t\t\t\t\t\t\t\t\t\t\t\t<a class=\"elementor-accordion-title\" href=\"\">Was sind die Vorteile der Box? <\/a>\n\t\t\t\t\t<\/div>\n\t\t\t\t\t<div id=\"elementor-tab-content-1758\" class=\"elementor-tab-content elementor-clearfix\" data-tab=\"8\" role=\"tabpanel\" aria-labelledby=\"elementor-tab-title-1758\"><p>Die Box hilft uns, die \u201eSockenschublade\u201c \u00fcberall zu platzieren: am Hauseingang, im Schuhschrank, im Kindergarten, im Koffer, in der Sporttasche, damit bei Bedarf und immer griffbereit ganz einfach ein Paar oder lediglich eine einzelne Socke herausgezogen werden kann. Maximale Zeitersparnis und Ordnung!<\/p><p>Unsere Box hat 4 Schlitze f\u00fcr je 7 Paar Socken und insgesamt 28 Paare. Perfekt f\u00fcr einen Monat sorgenfreies Sockenleben \u2013\u00a0und dann wird einfach gewaschen!<\/p><\/div>\n\t\t\t\t<\/div>\n\t\t\t\t\t\t\t<div class=\"elementor-accordion-item\">\n\t\t\t\t\t<div id=\"elementor-tab-title-1759\" class=\"elementor-tab-title\" data-tab=\"9\" role=\"tab\" aria-controls=\"elementor-tab-content-1759\" aria-expanded=\"false\">\n\t\t\t\t\t\t\t\t\t\t\t\t\t<span class=\"elementor-accordion-icon elementor-accordion-icon-left\" aria-hidden=\"true\">\n\t\t\t\t\t\t\t\t\t\t\t\t\t\t\t<span class=\"elementor-accordion-icon-closed\"><i class=\"fas fa-plus\"><\/i><\/span>\n\t\t\t\t\t\t\t\t<span class=\"elementor-accordion-icon-opened\"><i class=\"fas fa-minus\"><\/i><\/span>\n\t\t\t\t\t\t\t\t\t\t\t\t\t\t<\/span>\n\t\t\t\t\t\t\t\t\t\t\t\t<a class=\"elementor-accordion-title\" href=\"\">Was kommt als N\u00e4chstes? Werden noch weitere Pulliez-Produkte entwickelt? <\/a>\n\t\t\t\t\t<\/div>\n\t\t\t\t\t<div id=\"elementor-tab-content-1759\" class=\"elementor-tab-content elementor-clearfix\" data-tab=\"9\" role=\"tabpanel\" aria-labelledby=\"elementor-tab-title-1759\"><p>Wir werden sehr bald Sneaker-Socken auf den Markt bringen, und es werden noch weitere Produkte folgen \u2013 Bleibt gespannt!<\/p><\/div>\n\t\t\t\t<\/div>\n\t\t\t\t\t\t\t<div class=\"elementor-accordion-item\">\n\t\t\t\t\t<div id=\"elementor-tab-title-17510\" class=\"elementor-tab-title\" data-tab=\"10\" role=\"tab\" aria-controls=\"elementor-tab-content-17510\" aria-expanded=\"false\">\n\t\t\t\t\t\t\t\t\t\t\t\t\t<span class=\"elementor-accordion-icon elementor-accordion-icon-left\" aria-hidden=\"true\">\n\t\t\t\t\t\t\t\t\t\t\t\t\t\t\t<span class=\"elementor-accordion-icon-closed\"><i class=\"fas fa-plus\"><\/i><\/span>\n\t\t\t\t\t\t\t\t<span class=\"elementor-accordion-icon-opened\"><i class=\"fas fa-minus\"><\/i><\/span>\n\t\t\t\t\t\t\t\t\t\t\t\t\t\t<\/span>\n\t\t\t\t\t\t\t\t\t\t\t\t<a class=\"elementor-accordion-title\" href=\"\">Wie ist die L\u00e4nge der Socken \u00fcber dem Kn\u00f6chel? <\/a>\n\t\t\t\t\t<\/div>\n\t\t\t\t\t<div id=\"elementor-tab-content-17510\" class=\"elementor-tab-content elementor-clearfix\" data-tab=\"10\" role=\"tabpanel\" aria-labelledby=\"elementor-tab-title-17510\"><p>Pulliez Socken reichen ca. 3 \u2013 8 cm \u00fcber den Kn\u00f6chel (abh\u00e4ngig von der Schuhgr\u00f6\u00dfe).<\/p><\/div>\n\t\t\t\t<\/div>\n\t\t\t\t\t\t\t<div class=\"elementor-accordion-item\">\n\t\t\t\t\t<div id=\"elementor-tab-title-17511\" class=\"elementor-tab-title\" data-tab=\"11\" role=\"tab\" aria-controls=\"elementor-tab-content-17511\" aria-expanded=\"false\">\n\t\t\t\t\t\t\t\t\t\t\t\t\t<span class=\"elementor-accordion-icon elementor-accordion-icon-left\" aria-hidden=\"true\">\n\t\t\t\t\t\t\t\t\t\t\t\t\t\t\t<span class=\"elementor-accordion-icon-closed\"><i class=\"fas fa-plus\"><\/i><\/span>\n\t\t\t\t\t\t\t\t<span class=\"elementor-accordion-icon-opened\"><i class=\"fas fa-minus\"><\/i><\/span>\n\t\t\t\t\t\t\t\t\t\t\t\t\t\t<\/span>\n\t\t\t\t\t\t\t\t\t\t\t\t<a class=\"elementor-accordion-title\" href=\"\">Sind die Socken nahtlos? <\/a>\n\t\t\t\t\t<\/div>\n\t\t\t\t\t<div id=\"elementor-tab-content-17511\" class=\"elementor-tab-content elementor-clearfix\" data-tab=\"11\" role=\"tabpanel\" aria-labelledby=\"elementor-tab-title-17511\"><p>Pulliez Socken haben eine Naht am Ende der Zehen. Die Naht ist sehr schmal und kaum sp\u00fcrbar, so dass diese nicht an empfindlichen Stellen reibt.<\/p><\/div>\n\t\t\t\t<\/div>\n\t\t\t\t\t\t\t<div class=\"elementor-accordion-item\">\n\t\t\t\t\t<div id=\"elementor-tab-title-17512\" class=\"elementor-tab-title\" data-tab=\"12\" role=\"tab\" aria-controls=\"elementor-tab-content-17512\" aria-expanded=\"false\">\n\t\t\t\t\t\t\t\t\t\t\t\t\t<span class=\"elementor-accordion-icon elementor-accordion-icon-left\" aria-hidden=\"true\">\n\t\t\t\t\t\t\t\t\t\t\t\t\t\t\t<span class=\"elementor-accordion-icon-closed\"><i class=\"fas fa-plus\"><\/i><\/span>\n\t\t\t\t\t\t\t\t<span class=\"elementor-accordion-icon-opened\"><i class=\"fas fa-minus\"><\/i><\/span>\n\t\t\t\t\t\t\t\t\t\t\t\t\t\t<\/span>\n\t\t\t\t\t\t\t\t\t\t\t\t<a class=\"elementor-accordion-title\" href=\"\">Sind die Socken atmungsaktiv und antitranspirant? <\/a>\n\t\t\t\t\t<\/div>\n\t\t\t\t\t<div id=\"elementor-tab-content-17512\" class=\"elementor-tab-content elementor-clearfix\" data-tab=\"12\" role=\"tabpanel\" aria-labelledby=\"elementor-tab-title-17512\"><p>Ja, die Socken bestehen aus atmungsaktiven Fasern mit einer bequemen angenehmen Passform. Sie eignen sich f\u00fcr den t\u00e4glichen Gebrauch, als Socken in Arbeitsschuhen, Freizeitschuhen oder f\u00fcr andere Zwecke.\u00a0Sie sind aus dem gleichen Material wie innovative Sportbekleidung hergestellt und besitzen die gleichen Eigenschaften.<\/p><\/div>\n\t\t\t\t<\/div>\n\t\t\t\t\t\t\t\t<\/div>\n\t\t\t\t<\/div>\n\t\t\t\t<\/div>\n\t\t\t\t\t\t<\/div>\n\t\t\t\t\t<\/div>\n\t\t<\/div>\n\t\t\t\t\t\t\t\t<\/div>\n\t\t\t\t\t<\/div>\n\t\t<\/section>\n\t\t\t\t\t\t<\/div>\n\t\t\t\t\t\t<\/div>\n\t\t\t\t\t<\/div>\n\t\t","protected":false},"excerpt":{"rendered":"<p>Sind die Pulliez Socken Einwegartikel? Nein, Pulliez Socken sind definitiv keine Einwegsocken! Die Pulliez Socken sind waschmaschinenfest und selbstverst\u00e4ndlich wiederverwendbar. Das Material ist langlebig und f\u00fcr ein langes Sockenleben konzipiert. Sind die Socken in guter Qualit\u00e4t? Aber klar. Die Pulliez Socken haben eine hohe Dichte und eine hochwertige atmungsaktive Oberfl\u00e4che, die f\u00fcr den maximalen Komfort [&hellip;]<\/p>\n","protected":false},"author":1,"featured_media":944,"parent":0,"menu_order":0,"comment_status":"closed","ping_status":"closed","template":"","meta":[],"acf":[],"yoast_head":"<!-- This site is optimized with the Yoast SEO plugin v18.0 - https:\/\/yoast.com\/wordpress\/plugins\/seo\/ -->\n<title>FAQ - Pulliez<\/title>\n<meta name=\"robots\" content=\"index, follow, max-snippet:-1, max-image-preview:large, max-video-preview:-1\" \/>\n<link rel=\"canonical\" href=\"https:\/\/pulliez.com\/de\/faq\/\" \/>\n<meta property=\"og:locale\" content=\"de_DE\" \/>\n<meta property=\"og:type\" content=\"article\" \/>\n<meta property=\"og:title\" content=\"FAQ - Pulliez\" \/>\n<meta property=\"og:description\" content=\"Sind die Pulliez Socken Einwegartikel? Nein, Pulliez Socken sind definitiv keine Einwegsocken! Die Pulliez Socken sind waschmaschinenfest und selbstverst\u00e4ndlich wiederverwendbar. Das Material ist langlebig und f\u00fcr ein langes Sockenleben konzipiert. Sind die Socken in guter Qualit\u00e4t? Aber klar. Die Pulliez Socken haben eine hohe Dichte und eine hochwertige atmungsaktive Oberfl\u00e4che, die f\u00fcr den maximalen Komfort [&hellip;]\" \/>\n<meta property=\"og:url\" content=\"https:\/\/pulliez.com\/de\/faq\/\" \/>\n<meta property=\"og:site_name\" content=\"Pulliez\" \/>\n<meta property=\"article:publisher\" content=\"https:\/\/www.facebook.com\/pulliezmydailysocks\" \/>\n<meta property=\"article:modified_time\" content=\"2021-04-20T12:47:46+00:00\" \/>\n<meta property=\"og:image\" content=\"https:\/\/pulliez.com\/wp-content\/uploads\/2020\/06\/Pulliez-pic-80.jpg\" \/>\n\t<meta property=\"og:image:width\" content=\"1600\" \/>\n\t<meta property=\"og:image:height\" content=\"1067\" \/>\n\t<meta property=\"og:image:type\" content=\"image\/jpeg\" \/>\n<meta name=\"twitter:card\" content=\"summary_large_image\" \/>\n<meta name=\"twitter:label1\" content=\"Gesch\u00e4tzte Lesezeit\" \/>\n\t<meta name=\"twitter:data1\" content=\"2\u00a0Minuten\" \/>\n<script type=\"application\/ld+json\" class=\"yoast-schema-graph\">{\"@context\":\"https:\/\/schema.org\",\"@graph\":[{\"@type\":\"WebSite\",\"@id\":\"https:\/\/pulliez.com\/#website\",\"url\":\"https:\/\/pulliez.com\/\",\"name\":\"Pulliez\",\"description\":\"My Daily Socks\",\"potentialAction\":[{\"@type\":\"SearchAction\",\"target\":{\"@type\":\"EntryPoint\",\"urlTemplate\":\"https:\/\/pulliez.com\/?s={search_term_string}\"},\"query-input\":\"required name=search_term_string\"}],\"inLanguage\":\"de\"},{\"@type\":\"ImageObject\",\"@id\":\"https:\/\/pulliez.com\/de\/faq\/#primaryimage\",\"inLanguage\":\"de\",\"url\":\"https:\/\/pulliez.com\/wp-content\/uploads\/2020\/06\/Pulliez-pic-80.jpg\",\"contentUrl\":\"https:\/\/pulliez.com\/wp-content\/uploads\/2020\/06\/Pulliez-pic-80.jpg\",\"width\":1600,\"height\":1067},{\"@type\":\"WebPage\",\"@id\":\"https:\/\/pulliez.com\/de\/faq\/#webpage\",\"url\":\"https:\/\/pulliez.com\/de\/faq\/\",\"name\":\"FAQ - Pulliez\",\"isPartOf\":{\"@id\":\"https:\/\/pulliez.com\/#website\"},\"primaryImageOfPage\":{\"@id\":\"https:\/\/pulliez.com\/de\/faq\/#primaryimage\"},\"datePublished\":\"2020-08-10T08:23:51+00:00\",\"dateModified\":\"2021-04-20T12:47:46+00:00\",\"breadcrumb\":{\"@id\":\"https:\/\/pulliez.com\/de\/faq\/#breadcrumb\"},\"inLanguage\":\"de\",\"potentialAction\":[{\"@type\":\"ReadAction\",\"target\":[\"https:\/\/pulliez.com\/de\/faq\/\"]}]},{\"@type\":\"BreadcrumbList\",\"@id\":\"https:\/\/pulliez.com\/de\/faq\/#breadcrumb\",\"itemListElement\":[{\"@type\":\"ListItem\",\"position\":1,\"name\":\"\u05d3\u05e3 \u05d4\u05d1\u05d9\u05ea\",\"item\":\"https:\/\/pulliez.com\/de\/\"},{\"@type\":\"ListItem\",\"position\":2,\"name\":\"FAQ\"}]}]}<\/script>\n<!-- \/ Yoast SEO plugin. -->","yoast_head_json":{"title":"FAQ - Pulliez","robots":{"index":"index","follow":"follow","max-snippet":"max-snippet:-1","max-image-preview":"max-image-preview:large","max-video-preview":"max-video-preview:-1"},"canonical":"https:\/\/pulliez.com\/de\/faq\/","og_locale":"de_DE","og_type":"article","og_title":"FAQ - Pulliez","og_description":"Sind die Pulliez Socken Einwegartikel? Nein, Pulliez Socken sind definitiv keine Einwegsocken! Die Pulliez Socken sind waschmaschinenfest und selbstverst\u00e4ndlich wiederverwendbar. Das Material ist langlebig und f\u00fcr ein langes Sockenleben konzipiert. Sind die Socken in guter Qualit\u00e4t? Aber klar. Die Pulliez Socken haben eine hohe Dichte und eine hochwertige atmungsaktive Oberfl\u00e4che, die f\u00fcr den maximalen Komfort [&hellip;]","og_url":"https:\/\/pulliez.com\/de\/faq\/","og_site_name":"Pulliez","article_publisher":"https:\/\/www.facebook.com\/pulliezmydailysocks","article_modified_time":"2021-04-20T12:47:46+00:00","og_image":[{"width":1600,"height":1067,"url":"https:\/\/pulliez.com\/wp-content\/uploads\/2020\/06\/Pulliez-pic-80.jpg","type":"image\/jpeg"}],"twitter_card":"summary_large_image","twitter_misc":{"Gesch\u00e4tzte Lesezeit":"2\u00a0Minuten"},"schema":{"@context":"https:\/\/schema.org","@graph":[{"@type":"WebSite","@id":"https:\/\/pulliez.com\/#website","url":"https:\/\/pulliez.com\/","name":"Pulliez","description":"My Daily Socks","potentialAction":[{"@type":"SearchAction","target":{"@type":"EntryPoint","urlTemplate":"https:\/\/pulliez.com\/?s={search_term_string}"},"query-input":"required name=search_term_string"}],"inLanguage":"de"},{"@type":"ImageObject","@id":"https:\/\/pulliez.com\/de\/faq\/#primaryimage","inLanguage":"de","url":"https:\/\/pulliez.com\/wp-content\/uploads\/2020\/06\/Pulliez-pic-80.jpg","contentUrl":"https:\/\/pulliez.com\/wp-content\/uploads\/2020\/06\/Pulliez-pic-80.jpg","width":1600,"height":1067},{"@type":"WebPage","@id":"https:\/\/pulliez.com\/de\/faq\/#webpage","url":"https:\/\/pulliez.com\/de\/faq\/","name":"FAQ - Pulliez","isPartOf":{"@id":"https:\/\/pulliez.com\/#website"},"primaryImageOfPage":{"@id":"https:\/\/pulliez.com\/de\/faq\/#primaryimage"},"datePublished":"2020-08-10T08:23:51+00:00","dateModified":"2021-04-20T12:47:46+00:00","breadcrumb":{"@id":"https:\/\/pulliez.com\/de\/faq\/#breadcrumb"},"inLanguage":"de","potentialAction":[{"@type":"ReadAction","target":["https:\/\/pulliez.com\/de\/faq\/"]}]},{"@type":"BreadcrumbList","@id":"https:\/\/pulliez.com\/de\/faq\/#breadcrumb","itemListElement":[{"@type":"ListItem","position":1,"name":"\u05d3\u05e3 \u05d4\u05d1\u05d9\u05ea","item":"https:\/\/pulliez.com\/de\/"},{"@type":"ListItem","position":2,"name":"FAQ"}]}]}},"_links":{"self":[{"href":"https:\/\/pulliez.com\/de\/wp-json\/wp\/v2\/pages\/943"}],"collection":[{"href":"https:\/\/pulliez.com\/de\/wp-json\/wp\/v2\/pages"}],"about":[{"href":"https:\/\/pulliez.com\/de\/wp-json\/wp\/v2\/types\/page"}],"author":[{"embeddable":true,"href":"https:\/\/pulliez.com\/de\/wp-json\/wp\/v2\/users\/1"}],"replies":[{"embeddable":true,"href":"https:\/\/pulliez.com\/de\/wp-json\/wp\/v2\/comments?post=943"}],"version-history":[{"count":3,"href":"https:\/\/pulliez.com\/de\/wp-json\/wp\/v2\/pages\/943\/revisions"}],"predecessor-version":[{"id":7791,"href":"https:\/\/pulliez.com\/de\/wp-json\/wp\/v2\/pages\/943\/revisions\/7791"}],"wp:featuredmedia":[{"embeddable":true,"href":"https:\/\/pulliez.com\/de\/wp-json\/wp\/v2\/media\/944"}],"wp:attachment":[{"href":"https:\/\/pulliez.com\/de\/wp-json\/wp\/v2\/media?parent=943"}],"curies":[{"name":"wp","href":"https:\/\/api.w.org\/{rel}","templated":true}]}}