{"id":946,"date":"2020-08-10T11:27:48","date_gmt":"2020-08-10T08:27:48","guid":{"rendered":"https:\/\/pulliez.com\/unsere-geschichte\/"},"modified":"2021-07-07T19:14:37","modified_gmt":"2021-07-07T16:14:37","slug":"unsere-geschichte","status":"publish","type":"page","link":"https:\/\/pulliez.com\/de\/unsere-geschichte\/","title":{"rendered":"Unsere Geschichte"},"content":{"rendered":"\t\t<div data-elementor-type=\"wp-page\" data-elementor-id=\"946\" class=\"elementor elementor-946 elementor-105\" data-elementor-settings=\"[]\">\n\t\t\t\t\t\t<div class=\"elementor-inner\">\n\t\t\t\t\t\t\t<div class=\"elementor-section-wrap\">\n\t\t\t\t\t\t\t<section class=\"elementor-section elementor-top-section elementor-element elementor-element-37f083c elementor-section-boxed elementor-section-height-default elementor-section-height-default\" data-id=\"37f083c\" data-element_type=\"section\" data-settings=\"{&quot;background_background&quot;:&quot;classic&quot;}\">\n\t\t\t\t\t\t<div class=\"elementor-container elementor-column-gap-extended\">\n\t\t\t\t\t\t\t<div class=\"elementor-row\">\n\t\t\t\t\t<div class=\"elementor-column elementor-col-100 elementor-top-column elementor-element elementor-element-8d82cd6\" data-id=\"8d82cd6\" data-element_type=\"column\">\n\t\t\t<div class=\"elementor-column-wrap elementor-element-populated\">\n\t\t\t\t\t\t\t<div class=\"elementor-widget-wrap\">\n\t\t\t\t\t\t<div class=\"elementor-element elementor-element-3dcc9ea elementor-invisible elementor-widget elementor-widget-heading\" data-id=\"3dcc9ea\" data-element_type=\"widget\" data-settings=\"{&quot;_animation&quot;:&quot;fadeInUp&quot;,&quot;_animation_delay&quot;:300}\" data-widget_type=\"heading.default\">\n\t\t\t\t<div class=\"elementor-widget-container\">\n\t\t\t<h2 class=\"elementor-heading-title elementor-size-default\">Warum uns w\u00e4hlen?<\/h2>\t\t<\/div>\n\t\t\t\t<\/div>\n\t\t\t\t<section class=\"elementor-section elementor-inner-section elementor-element elementor-element-89df7ea elementor-section-content-middle elementor-hidden-phone elementor-section-boxed elementor-section-height-default elementor-section-height-default\" data-id=\"89df7ea\" data-element_type=\"section\">\n\t\t\t\t\t\t<div class=\"elementor-container elementor-column-gap-default\">\n\t\t\t\t\t\t\t<div class=\"elementor-row\">\n\t\t\t\t\t<div class=\"elementor-column elementor-col-25 elementor-inner-column elementor-element elementor-element-c76376e\" data-id=\"c76376e\" data-element_type=\"column\">\n\t\t\t<div class=\"elementor-column-wrap elementor-element-populated\">\n\t\t\t\t\t\t\t<div class=\"elementor-widget-wrap\">\n\t\t\t\t\t\t<div class=\"elementor-element elementor-element-f28afa4 elementor-position-top elementor-vertical-align-top elementor-widget elementor-widget-image-box\" data-id=\"f28afa4\" data-element_type=\"widget\" data-widget_type=\"image-box.default\">\n\t\t\t\t<div class=\"elementor-widget-container\">\n\t\t\t<div class=\"elementor-image-box-wrapper\"><figure class=\"elementor-image-box-img\"><img width=\"300\" height=\"300\" src=\"https:\/\/pulliez.com\/wp-content\/uploads\/2020\/07\/Pulliez-icon-black-5.png\" class=\"attachment-full size-full\" alt=\"\" loading=\"lazy\" \/><\/figure><div class=\"elementor-image-box-content\"><h3 class=\"elementor-image-box-title\">Nachhaltigkeit<\/h3><\/div><\/div>\t\t<\/div>\n\t\t\t\t<\/div>\n\t\t\t\t<div class=\"elementor-element elementor-element-c4a7c15 elementor-position-top elementor-vertical-align-top elementor-widget elementor-widget-image-box\" data-id=\"c4a7c15\" data-element_type=\"widget\" data-widget_type=\"image-box.default\">\n\t\t\t\t<div class=\"elementor-widget-container\">\n\t\t\t<div class=\"elementor-image-box-wrapper\"><figure class=\"elementor-image-box-img\"><img width=\"300\" height=\"300\" src=\"https:\/\/pulliez.com\/wp-content\/uploads\/2020\/07\/Pulliez-icon-black-2.png\" class=\"attachment-full size-full\" alt=\"\" loading=\"lazy\" \/><\/figure><div class=\"elementor-image-box-content\"><h3 class=\"elementor-image-box-title\">Innovative<\/h3><\/div><\/div>\t\t<\/div>\n\t\t\t\t<\/div>\n\t\t\t\t\t\t<\/div>\n\t\t\t\t\t<\/div>\n\t\t<\/div>\n\t\t\t\t<div class=\"elementor-column elementor-col-50 elementor-inner-column elementor-element elementor-element-1b87a22\" data-id=\"1b87a22\" data-element_type=\"column\">\n\t\t\t<div class=\"elementor-column-wrap elementor-element-populated\">\n\t\t\t\t\t\t\t<div class=\"elementor-widget-wrap\">\n\t\t\t\t\t\t<div class=\"elementor-element elementor-element-be20d6e elementor-widget elementor-widget-image\" data-id=\"be20d6e\" data-element_type=\"widget\" data-widget_type=\"image.default\">\n\t\t\t\t<div class=\"elementor-widget-container\">\n\t\t\t\t\t\t\t\t<div class=\"elementor-image\">\n\t\t\t\t\t\t\t\t\t\t\t\t<img src=\"https:\/\/pulliez.com\/wp-content\/uploads\/elementor\/thumbs\/Pulliez-1-ossatq1tu70px8301fwzvp1zc2np6wq3ho02mha69s.jpg\" title=\"Pulliez (1)\" alt=\"Pulliez (1)\" \/>\t\t\t\t\t\t\t\t\t\t\t\t\t\t<\/div>\n\t\t\t\t\t\t<\/div>\n\t\t\t\t<\/div>\n\t\t\t\t\t\t<\/div>\n\t\t\t\t\t<\/div>\n\t\t<\/div>\n\t\t\t\t<div class=\"elementor-column elementor-col-25 elementor-inner-column elementor-element elementor-element-c6b90ac\" data-id=\"c6b90ac\" data-element_type=\"column\">\n\t\t\t<div class=\"elementor-column-wrap elementor-element-populated\">\n\t\t\t\t\t\t\t<div class=\"elementor-widget-wrap\">\n\t\t\t\t\t\t<div class=\"elementor-element elementor-element-04deef7 elementor-position-top elementor-vertical-align-top elementor-widget elementor-widget-image-box\" data-id=\"04deef7\" data-element_type=\"widget\" data-widget_type=\"image-box.default\">\n\t\t\t\t<div class=\"elementor-widget-container\">\n\t\t\t<div class=\"elementor-image-box-wrapper\"><figure class=\"elementor-image-box-img\"><img width=\"300\" height=\"300\" src=\"https:\/\/pulliez.com\/wp-content\/uploads\/2020\/07\/Pulliez-icon-black-4.png\" class=\"attachment-full size-full\" alt=\"\" loading=\"lazy\" \/><\/figure><div class=\"elementor-image-box-content\"><h3 class=\"elementor-image-box-title\">Ausgezeichnete Wert<\/h3><\/div><\/div>\t\t<\/div>\n\t\t\t\t<\/div>\n\t\t\t\t<div class=\"elementor-element elementor-element-52a6d7a elementor-position-top elementor-vertical-align-top elementor-widget elementor-widget-image-box\" data-id=\"52a6d7a\" data-element_type=\"widget\" data-widget_type=\"image-box.default\">\n\t\t\t\t<div class=\"elementor-widget-container\">\n\t\t\t<div class=\"elementor-image-box-wrapper\"><figure class=\"elementor-image-box-img\"><img width=\"300\" height=\"300\" src=\"https:\/\/pulliez.com\/wp-content\/uploads\/2020\/07\/Pulliez-icon-black-3.png\" class=\"attachment-full size-full\" alt=\"\" loading=\"lazy\" \/><\/figure><div class=\"elementor-image-box-content\"><h3 class=\"elementor-image-box-title\">Handy & Affordable<\/h3><\/div><\/div>\t\t<\/div>\n\t\t\t\t<\/div>\n\t\t\t\t\t\t<\/div>\n\t\t\t\t\t<\/div>\n\t\t<\/div>\n\t\t\t\t\t\t\t\t<\/div>\n\t\t\t\t\t<\/div>\n\t\t<\/section>\n\t\t\t\t<section class=\"elementor-section elementor-inner-section elementor-element elementor-element-777844a elementor-hidden-desktop elementor-hidden-tablet elementor-section-boxed elementor-section-height-default elementor-section-height-default\" data-id=\"777844a\" data-element_type=\"section\">\n\t\t\t\t\t\t<div class=\"elementor-container elementor-column-gap-default\">\n\t\t\t\t\t\t\t<div class=\"elementor-row\">\n\t\t\t\t\t<div class=\"elementor-column elementor-col-50 elementor-inner-column elementor-element elementor-element-41f824f\" data-id=\"41f824f\" data-element_type=\"column\">\n\t\t\t<div class=\"elementor-column-wrap elementor-element-populated\">\n\t\t\t\t\t\t\t<div class=\"elementor-widget-wrap\">\n\t\t\t\t\t\t<div class=\"elementor-element elementor-element-15e7732 elementor-position-top elementor-vertical-align-top elementor-widget elementor-widget-image-box\" data-id=\"15e7732\" data-element_type=\"widget\" data-widget_type=\"image-box.default\">\n\t\t\t\t<div class=\"elementor-widget-container\">\n\t\t\t<div class=\"elementor-image-box-wrapper\"><figure class=\"elementor-image-box-img\"><img width=\"300\" height=\"300\" src=\"https:\/\/pulliez.com\/wp-content\/uploads\/2020\/07\/Pulliez-icon-black-5.png\" class=\"attachment-full size-full\" alt=\"\" loading=\"lazy\" \/><\/figure><div class=\"elementor-image-box-content\"><h3 class=\"elementor-image-box-title\">Nachhaltigkeit<\/h3><\/div><\/div>\t\t<\/div>\n\t\t\t\t<\/div>\n\t\t\t\t\t\t<\/div>\n\t\t\t\t\t<\/div>\n\t\t<\/div>\n\t\t\t\t<div class=\"elementor-column elementor-col-50 elementor-inner-column elementor-element elementor-element-c22f95e\" data-id=\"c22f95e\" data-element_type=\"column\">\n\t\t\t<div class=\"elementor-column-wrap elementor-element-populated\">\n\t\t\t\t\t\t\t<div class=\"elementor-widget-wrap\">\n\t\t\t\t\t\t<div class=\"elementor-element elementor-element-9883258 elementor-position-top elementor-vertical-align-top elementor-widget elementor-widget-image-box\" data-id=\"9883258\" data-element_type=\"widget\" data-widget_type=\"image-box.default\">\n\t\t\t\t<div class=\"elementor-widget-container\">\n\t\t\t<div class=\"elementor-image-box-wrapper\"><figure class=\"elementor-image-box-img\"><img width=\"300\" height=\"300\" src=\"https:\/\/pulliez.com\/wp-content\/uploads\/2020\/07\/Pulliez-icon-black-2.png\" class=\"attachment-full size-full\" alt=\"\" loading=\"lazy\" \/><\/figure><div class=\"elementor-image-box-content\"><h3 class=\"elementor-image-box-title\">Innovative<\/h3><\/div><\/div>\t\t<\/div>\n\t\t\t\t<\/div>\n\t\t\t\t\t\t<\/div>\n\t\t\t\t\t<\/div>\n\t\t<\/div>\n\t\t\t\t\t\t\t\t<\/div>\n\t\t\t\t\t<\/div>\n\t\t<\/section>\n\t\t\t\t<section class=\"elementor-section elementor-inner-section elementor-element elementor-element-252ca99 elementor-hidden-desktop elementor-hidden-tablet elementor-section-boxed elementor-section-height-default elementor-section-height-default\" data-id=\"252ca99\" data-element_type=\"section\">\n\t\t\t\t\t\t<div class=\"elementor-container elementor-column-gap-default\">\n\t\t\t\t\t\t\t<div class=\"elementor-row\">\n\t\t\t\t\t<div class=\"elementor-column elementor-col-50 elementor-inner-column elementor-element elementor-element-ccaf953\" data-id=\"ccaf953\" data-element_type=\"column\">\n\t\t\t<div class=\"elementor-column-wrap elementor-element-populated\">\n\t\t\t\t\t\t\t<div class=\"elementor-widget-wrap\">\n\t\t\t\t\t\t<div class=\"elementor-element elementor-element-c895fda elementor-position-top elementor-vertical-align-top elementor-widget elementor-widget-image-box\" data-id=\"c895fda\" data-element_type=\"widget\" data-widget_type=\"image-box.default\">\n\t\t\t\t<div class=\"elementor-widget-container\">\n\t\t\t<div class=\"elementor-image-box-wrapper\"><figure class=\"elementor-image-box-img\"><img width=\"300\" height=\"300\" src=\"https:\/\/pulliez.com\/wp-content\/uploads\/2020\/07\/Pulliez-icon-black-4.png\" class=\"attachment-full size-full\" alt=\"\" loading=\"lazy\" \/><\/figure><div class=\"elementor-image-box-content\"><h3 class=\"elementor-image-box-title\">Ausgezeichnete Wert<\/h3><\/div><\/div>\t\t<\/div>\n\t\t\t\t<\/div>\n\t\t\t\t\t\t<\/div>\n\t\t\t\t\t<\/div>\n\t\t<\/div>\n\t\t\t\t<div class=\"elementor-column elementor-col-50 elementor-inner-column elementor-element elementor-element-2d31e62\" data-id=\"2d31e62\" data-element_type=\"column\">\n\t\t\t<div class=\"elementor-column-wrap elementor-element-populated\">\n\t\t\t\t\t\t\t<div class=\"elementor-widget-wrap\">\n\t\t\t\t\t\t<div class=\"elementor-element elementor-element-204509a elementor-position-top elementor-vertical-align-top elementor-widget elementor-widget-image-box\" data-id=\"204509a\" data-element_type=\"widget\" data-widget_type=\"image-box.default\">\n\t\t\t\t<div class=\"elementor-widget-container\">\n\t\t\t<div class=\"elementor-image-box-wrapper\"><figure class=\"elementor-image-box-img\"><img width=\"300\" height=\"300\" src=\"https:\/\/pulliez.com\/wp-content\/uploads\/2020\/07\/Pulliez-icon-black-3.png\" class=\"attachment-full size-full\" alt=\"\" loading=\"lazy\" \/><\/figure><div class=\"elementor-image-box-content\"><h3 class=\"elementor-image-box-title\">Handy & Affordable<\/h3><\/div><\/div>\t\t<\/div>\n\t\t\t\t<\/div>\n\t\t\t\t\t\t<\/div>\n\t\t\t\t\t<\/div>\n\t\t<\/div>\n\t\t\t\t\t\t\t\t<\/div>\n\t\t\t\t\t<\/div>\n\t\t<\/section>\n\t\t\t\t<div class=\"elementor-element elementor-element-c9f73fe elementor-widget elementor-widget-text-editor\" data-id=\"c9f73fe\" data-element_type=\"widget\" data-widget_type=\"text-editor.default\">\n\t\t\t\t<div class=\"elementor-widget-container\">\n\t\t\t\t\t\t\t\t<div class=\"elementor-text-editor elementor-clearfix\">\n\t\t\t\t<p>Pulliez<sup>TM<\/sup> ist die L\u00f6sung f\u00fcr ein bisher ungekl\u00e4rtes und t\u00e4glich auftretendes Alltagsph\u00e4nomen: Wohin verschwinden all die einzelnen Socken?<\/p><p>Man holt die W\u00e4sche aus der Waschmaschine und stellt fest: Ein Teil der geliebten Socken ist irgendwo im W\u00e4schenirvana verschwunden.<\/p><p>Traurig aber wahr: Sch\u00e4tzungsweise 25% aller Socken verlieren ihr Gegenst\u00fcck und bleiben allein. Und genau deswegen haben wir Pulliez entwickelt. Praktisch, zeitsparend, preiswert und vor allem nervenschonend. Pulliez bereitet dem l\u00e4stigen Sockensuchen ein Ende und ein Happy End f\u00fcr all die potentiellen Single Socken.<\/p><p>Als wir die Idee zu Pulliez hatten, haben wir unsere gesammelten und langj\u00e4hrigen Erfahrungen aus der Textilbranche zusammengef\u00fchrt und mit unserem kleinen aber unfassbar passionierten Team an Designern und Textilexperten, die f\u00fcr uns besten Socken der Welt entwickelt. Unser Ziel dabei: Pulliez m\u00fcssen alltagstauglich, bequem, weich und selbstverst\u00e4ndlich atmungsaktiv sein sowie in der Produktion einen geringen \u00f6kologischen Fu\u00dfabdruck aufweisen.<\/p><p>Pulliez<sup>TM<\/sup> Socken werden in einer praktischen Spenderbox geliefert, so dass sie sich perfekt f\u00fcr den Gebrauch zu Hause, unterwegs oder auf Reisen eignen.<\/p><p>Wie produzieren wir? In Zusammenarbeit mit REPREVE\u00ae, einem zertifizierten Unternehmen, das recycelte Materialien in hochwertiges und weiches Garn verwandelt.<\/p><p>Alle Pulliez<sup>TM<\/sup> Socken werden in einer akkreditierten Produktionsst\u00e4tte hergestellt, die von Oeko-Tex\u00ae und SMETA\u00ae\/Sedex\u00ae zertifiziert wurde, um h\u00f6chste soziale und technische Compliance-Standards zu gew\u00e4hrleisten.<\/p><p>Pulliez<sup>TM<\/sup> &#8211;\u00a0 Socken einfach innovativ anders gedacht.<\/p>\t\t\t\t\t<\/div>\n\t\t\t\t\t\t<\/div>\n\t\t\t\t<\/div>\n\t\t\t\t\t\t<\/div>\n\t\t\t\t\t<\/div>\n\t\t<\/div>\n\t\t\t\t\t\t\t\t<\/div>\n\t\t\t\t\t<\/div>\n\t\t<\/section>\n\t\t\t\t\t\t<\/div>\n\t\t\t\t\t\t<\/div>\n\t\t\t\t\t<\/div>\n\t\t","protected":false},"excerpt":{"rendered":"<p>Warum uns w\u00e4hlen? Nachhaltigkeit Innovative Ausgezeichnete Wert Handy &#038; Affordable Nachhaltigkeit Innovative Ausgezeichnete Wert Handy &#038; Affordable PulliezTM ist die L\u00f6sung f\u00fcr ein bisher ungekl\u00e4rtes und t\u00e4glich auftretendes Alltagsph\u00e4nomen: Wohin verschwinden all die einzelnen Socken? Man holt die W\u00e4sche aus der Waschmaschine und stellt fest: Ein Teil der geliebten Socken ist irgendwo im W\u00e4schenirvana verschwunden. [&hellip;]<\/p>\n","protected":false},"author":1,"featured_media":947,"parent":0,"menu_order":0,"comment_status":"closed","ping_status":"closed","template":"","meta":[],"acf":[],"yoast_head":"<!-- This site is optimized with the Yoast SEO plugin v18.0 - https:\/\/yoast.com\/wordpress\/plugins\/seo\/ -->\n<title>Unsere Geschichte - Pulliez<\/title>\n<meta name=\"robots\" content=\"index, follow, max-snippet:-1, max-image-preview:large, max-video-preview:-1\" \/>\n<link rel=\"canonical\" href=\"https:\/\/pulliez.com\/de\/unsere-geschichte\/\" \/>\n<meta property=\"og:locale\" content=\"de_DE\" \/>\n<meta property=\"og:type\" content=\"article\" \/>\n<meta property=\"og:title\" content=\"Unsere Geschichte - Pulliez\" \/>\n<meta property=\"og:description\" content=\"Warum uns w\u00e4hlen? Nachhaltigkeit Innovative Ausgezeichnete Wert Handy &#038; Affordable Nachhaltigkeit Innovative Ausgezeichnete Wert Handy &#038; Affordable PulliezTM ist die L\u00f6sung f\u00fcr ein bisher ungekl\u00e4rtes und t\u00e4glich auftretendes Alltagsph\u00e4nomen: Wohin verschwinden all die einzelnen Socken? Man holt die W\u00e4sche aus der Waschmaschine und stellt fest: Ein Teil der geliebten Socken ist irgendwo im W\u00e4schenirvana verschwunden. [&hellip;]\" \/>\n<meta property=\"og:url\" content=\"https:\/\/pulliez.com\/de\/unsere-geschichte\/\" \/>\n<meta property=\"og:site_name\" content=\"Pulliez\" \/>\n<meta property=\"article:publisher\" content=\"https:\/\/www.facebook.com\/pulliezmydailysocks\" \/>\n<meta property=\"article:modified_time\" content=\"2021-07-07T16:14:37+00:00\" \/>\n<meta property=\"og:image\" content=\"https:\/\/pulliez.com\/wp-content\/uploads\/2020\/06\/Pulliez-pic-55.jpg\" \/>\n\t<meta property=\"og:image:width\" content=\"1600\" \/>\n\t<meta property=\"og:image:height\" content=\"1067\" \/>\n\t<meta property=\"og:image:type\" content=\"image\/jpeg\" \/>\n<meta name=\"twitter:card\" content=\"summary_large_image\" \/>\n<meta name=\"twitter:label1\" content=\"Gesch\u00e4tzte Lesezeit\" \/>\n\t<meta name=\"twitter:data1\" content=\"3\u00a0Minuten\" \/>\n<script type=\"application\/ld+json\" class=\"yoast-schema-graph\">{\"@context\":\"https:\/\/schema.org\",\"@graph\":[{\"@type\":\"WebSite\",\"@id\":\"https:\/\/pulliez.com\/#website\",\"url\":\"https:\/\/pulliez.com\/\",\"name\":\"Pulliez\",\"description\":\"My Daily Socks\",\"potentialAction\":[{\"@type\":\"SearchAction\",\"target\":{\"@type\":\"EntryPoint\",\"urlTemplate\":\"https:\/\/pulliez.com\/?s={search_term_string}\"},\"query-input\":\"required name=search_term_string\"}],\"inLanguage\":\"de\"},{\"@type\":\"ImageObject\",\"@id\":\"https:\/\/pulliez.com\/de\/unsere-geschichte\/#primaryimage\",\"inLanguage\":\"de\",\"url\":\"https:\/\/pulliez.com\/wp-content\/uploads\/2020\/06\/Pulliez-pic-55.jpg\",\"contentUrl\":\"https:\/\/pulliez.com\/wp-content\/uploads\/2020\/06\/Pulliez-pic-55.jpg\",\"width\":1600,\"height\":1067},{\"@type\":\"WebPage\",\"@id\":\"https:\/\/pulliez.com\/de\/unsere-geschichte\/#webpage\",\"url\":\"https:\/\/pulliez.com\/de\/unsere-geschichte\/\",\"name\":\"Unsere Geschichte - Pulliez\",\"isPartOf\":{\"@id\":\"https:\/\/pulliez.com\/#website\"},\"primaryImageOfPage\":{\"@id\":\"https:\/\/pulliez.com\/de\/unsere-geschichte\/#primaryimage\"},\"datePublished\":\"2020-08-10T08:27:48+00:00\",\"dateModified\":\"2021-07-07T16:14:37+00:00\",\"breadcrumb\":{\"@id\":\"https:\/\/pulliez.com\/de\/unsere-geschichte\/#breadcrumb\"},\"inLanguage\":\"de\",\"potentialAction\":[{\"@type\":\"ReadAction\",\"target\":[\"https:\/\/pulliez.com\/de\/unsere-geschichte\/\"]}]},{\"@type\":\"BreadcrumbList\",\"@id\":\"https:\/\/pulliez.com\/de\/unsere-geschichte\/#breadcrumb\",\"itemListElement\":[{\"@type\":\"ListItem\",\"position\":1,\"name\":\"\u05d3\u05e3 \u05d4\u05d1\u05d9\u05ea\",\"item\":\"https:\/\/pulliez.com\/de\/\"},{\"@type\":\"ListItem\",\"position\":2,\"name\":\"Unsere Geschichte\"}]}]}<\/script>\n<!-- \/ Yoast SEO plugin. -->","yoast_head_json":{"title":"Unsere Geschichte - Pulliez","robots":{"index":"index","follow":"follow","max-snippet":"max-snippet:-1","max-image-preview":"max-image-preview:large","max-video-preview":"max-video-preview:-1"},"canonical":"https:\/\/pulliez.com\/de\/unsere-geschichte\/","og_locale":"de_DE","og_type":"article","og_title":"Unsere Geschichte - Pulliez","og_description":"Warum uns w\u00e4hlen? Nachhaltigkeit Innovative Ausgezeichnete Wert Handy &#038; Affordable Nachhaltigkeit Innovative Ausgezeichnete Wert Handy &#038; Affordable PulliezTM ist die L\u00f6sung f\u00fcr ein bisher ungekl\u00e4rtes und t\u00e4glich auftretendes Alltagsph\u00e4nomen: Wohin verschwinden all die einzelnen Socken? Man holt die W\u00e4sche aus der Waschmaschine und stellt fest: Ein Teil der geliebten Socken ist irgendwo im W\u00e4schenirvana verschwunden. [&hellip;]","og_url":"https:\/\/pulliez.com\/de\/unsere-geschichte\/","og_site_name":"Pulliez","article_publisher":"https:\/\/www.facebook.com\/pulliezmydailysocks","article_modified_time":"2021-07-07T16:14:37+00:00","og_image":[{"width":1600,"height":1067,"url":"https:\/\/pulliez.com\/wp-content\/uploads\/2020\/06\/Pulliez-pic-55.jpg","type":"image\/jpeg"}],"twitter_card":"summary_large_image","twitter_misc":{"Gesch\u00e4tzte Lesezeit":"3\u00a0Minuten"},"schema":{"@context":"https:\/\/schema.org","@graph":[{"@type":"WebSite","@id":"https:\/\/pulliez.com\/#website","url":"https:\/\/pulliez.com\/","name":"Pulliez","description":"My Daily Socks","potentialAction":[{"@type":"SearchAction","target":{"@type":"EntryPoint","urlTemplate":"https:\/\/pulliez.com\/?s={search_term_string}"},"query-input":"required name=search_term_string"}],"inLanguage":"de"},{"@type":"ImageObject","@id":"https:\/\/pulliez.com\/de\/unsere-geschichte\/#primaryimage","inLanguage":"de","url":"https:\/\/pulliez.com\/wp-content\/uploads\/2020\/06\/Pulliez-pic-55.jpg","contentUrl":"https:\/\/pulliez.com\/wp-content\/uploads\/2020\/06\/Pulliez-pic-55.jpg","width":1600,"height":1067},{"@type":"WebPage","@id":"https:\/\/pulliez.com\/de\/unsere-geschichte\/#webpage","url":"https:\/\/pulliez.com\/de\/unsere-geschichte\/","name":"Unsere Geschichte - Pulliez","isPartOf":{"@id":"https:\/\/pulliez.com\/#website"},"primaryImageOfPage":{"@id":"https:\/\/pulliez.com\/de\/unsere-geschichte\/#primaryimage"},"datePublished":"2020-08-10T08:27:48+00:00","dateModified":"2021-07-07T16:14:37+00:00","breadcrumb":{"@id":"https:\/\/pulliez.com\/de\/unsere-geschichte\/#breadcrumb"},"inLanguage":"de","potentialAction":[{"@type":"ReadAction","target":["https:\/\/pulliez.com\/de\/unsere-geschichte\/"]}]},{"@type":"BreadcrumbList","@id":"https:\/\/pulliez.com\/de\/unsere-geschichte\/#breadcrumb","itemListElement":[{"@type":"ListItem","position":1,"name":"\u05d3\u05e3 \u05d4\u05d1\u05d9\u05ea","item":"https:\/\/pulliez.com\/de\/"},{"@type":"ListItem","position":2,"name":"Unsere Geschichte"}]}]}},"_links":{"self":[{"href":"https:\/\/pulliez.com\/de\/wp-json\/wp\/v2\/pages\/946"}],"collection":[{"href":"https:\/\/pulliez.com\/de\/wp-json\/wp\/v2\/pages"}],"about":[{"href":"https:\/\/pulliez.com\/de\/wp-json\/wp\/v2\/types\/page"}],"author":[{"embeddable":true,"href":"https:\/\/pulliez.com\/de\/wp-json\/wp\/v2\/users\/1"}],"replies":[{"embeddable":true,"href":"https:\/\/pulliez.com\/de\/wp-json\/wp\/v2\/comments?post=946"}],"version-history":[{"count":4,"href":"https:\/\/pulliez.com\/de\/wp-json\/wp\/v2\/pages\/946\/revisions"}],"predecessor-version":[{"id":8041,"href":"https:\/\/pulliez.com\/de\/wp-json\/wp\/v2\/pages\/946\/revisions\/8041"}],"wp:featuredmedia":[{"embeddable":true,"href":"https:\/\/pulliez.com\/de\/wp-json\/wp\/v2\/media\/947"}],"wp:attachment":[{"href":"https:\/\/pulliez.com\/de\/wp-json\/wp\/v2\/media?parent=946"}],"curies":[{"name":"wp","href":"https:\/\/api.w.org\/{rel}","templated":true}]}}