{"id":7979,"date":"2021-06-30T21:07:26","date_gmt":"2021-07-05T06:38:14","guid":{"rendered":"https:\/\/pulliez.com\/?post_type=product&#038;p=7979"},"modified":"2022-11-26T11:47:35","modified_gmt":"2022-11-26T09:47:35","slug":"7-paar-erwachsene-togo-pack-36-46-pulliez-grau-low-cut-sockenpaket","status":"publish","type":"product","link":"https:\/\/pulliez.com\/de\/product\/7-paar-erwachsene-togo-pack-36-46-pulliez-grau-low-cut-sockenpaket\/","title":{"rendered":"7 Paar, ERWACHSENE ToGo Pack (36-46) Pulliez Grau, Low-Cut Sockenpaket"},"content":{"rendered":"","protected":false},"excerpt":{"rendered":"<p>7 Paar Socken im ToGo Pack \/ Low-Cut Socken Erwachsene \/ Farbe Grau.<\/p>\n<p>One Size 36-46<\/p>\n<p>97% Polyester 3% Elastan \/ Atmungsaktives Mesh Top \/ Sockenl\u00e4nge 5-8cm \u00fcber Kn\u00f6chel<\/p>\n","protected":false},"featured_media":7970,"comment_status":"open","ping_status":"closed","template":"","meta":[],"product_cat":[48],"product_tag":[],"acf":[],"yoast_head":"<!-- This site is optimized with the Yoast SEO plugin v18.0 - https:\/\/yoast.com\/wordpress\/plugins\/seo\/ -->\n<title>7 Paar, ERWACHSENE ToGo Pack (36-46) Pulliez Grau, Low-Cut Sockenpaket - Pulliez<\/title>\n<meta name=\"robots\" content=\"index, follow, max-snippet:-1, max-image-preview:large, max-video-preview:-1\" \/>\n<link rel=\"canonical\" href=\"https:\/\/pulliez.com\/de\/product\/7-paar-erwachsene-togo-pack-36-46-pulliez-grau-low-cut-sockenpaket\/\" \/>\n<meta property=\"og:locale\" content=\"de_DE\" \/>\n<meta property=\"og:type\" content=\"article\" \/>\n<meta property=\"og:title\" content=\"7 Paar, ERWACHSENE ToGo Pack (36-46) Pulliez Grau, Low-Cut Sockenpaket - Pulliez\" \/>\n<meta property=\"og:description\" content=\"7 Paar Socken im ToGo Pack \/ Low-Cut Socken Erwachsene \/ Farbe Grau.  One Size 36-46  97% Polyester 3% Elastan \/ Atmungsaktives Mesh Top \/ Sockenl\u00e4nge 5-8cm \u00fcber Kn\u00f6chel\" \/>\n<meta property=\"og:url\" content=\"https:\/\/pulliez.com\/de\/product\/7-paar-erwachsene-togo-pack-36-46-pulliez-grau-low-cut-sockenpaket\/\" \/>\n<meta property=\"og:site_name\" content=\"Pulliez\" \/>\n<meta property=\"article:publisher\" content=\"https:\/\/www.facebook.com\/pulliezmydailysocks\" \/>\n<meta property=\"article:modified_time\" content=\"2022-11-26T09:47:35+00:00\" \/>\n<meta property=\"og:image\" content=\"https:\/\/pulliez.com\/wp-content\/uploads\/2021\/06\/3173234142147-3.jpg\" \/>\n\t<meta property=\"og:image:width\" content=\"2449\" \/>\n\t<meta property=\"og:image:height\" content=\"1632\" \/>\n\t<meta property=\"og:image:type\" content=\"image\/jpeg\" \/>\n<meta name=\"twitter:card\" content=\"summary_large_image\" \/>\n<script type=\"application\/ld+json\" class=\"yoast-schema-graph\">{\"@context\":\"https:\/\/schema.org\",\"@graph\":[{\"@type\":\"WebSite\",\"@id\":\"https:\/\/pulliez.com\/#website\",\"url\":\"https:\/\/pulliez.com\/\",\"name\":\"Pulliez\",\"description\":\"My Daily Socks\",\"potentialAction\":[{\"@type\":\"SearchAction\",\"target\":{\"@type\":\"EntryPoint\",\"urlTemplate\":\"https:\/\/pulliez.com\/?s={search_term_string}\"},\"query-input\":\"required name=search_term_string\"}],\"inLanguage\":\"de\"},{\"@type\":\"ImageObject\",\"@id\":\"https:\/\/pulliez.com\/de\/product\/7-paar-erwachsene-togo-pack-36-46-pulliez-grau-low-cut-sockenpaket\/#primaryimage\",\"inLanguage\":\"de\",\"url\":\"https:\/\/pulliez.com\/wp-content\/uploads\/2021\/06\/3173234142147-3.jpg\",\"contentUrl\":\"https:\/\/pulliez.com\/wp-content\/uploads\/2021\/06\/3173234142147-3.jpg\",\"width\":2449,\"height\":1632},{\"@type\":\"WebPage\",\"@id\":\"https:\/\/pulliez.com\/de\/product\/7-paar-erwachsene-togo-pack-36-46-pulliez-grau-low-cut-sockenpaket\/#webpage\",\"url\":\"https:\/\/pulliez.com\/de\/product\/7-paar-erwachsene-togo-pack-36-46-pulliez-grau-low-cut-sockenpaket\/\",\"name\":\"7 Paar, ERWACHSENE ToGo Pack (36-46) Pulliez Grau, Low-Cut Sockenpaket - Pulliez\",\"isPartOf\":{\"@id\":\"https:\/\/pulliez.com\/#website\"},\"primaryImageOfPage\":{\"@id\":\"https:\/\/pulliez.com\/de\/product\/7-paar-erwachsene-togo-pack-36-46-pulliez-grau-low-cut-sockenpaket\/#primaryimage\"},\"datePublished\":\"2021-07-05T06:38:14+00:00\",\"dateModified\":\"2022-11-26T09:47:35+00:00\",\"breadcrumb\":{\"@id\":\"https:\/\/pulliez.com\/de\/product\/7-paar-erwachsene-togo-pack-36-46-pulliez-grau-low-cut-sockenpaket\/#breadcrumb\"},\"inLanguage\":\"de\",\"potentialAction\":[{\"@type\":\"ReadAction\",\"target\":[\"https:\/\/pulliez.com\/de\/product\/7-paar-erwachsene-togo-pack-36-46-pulliez-grau-low-cut-sockenpaket\/\"]}]},{\"@type\":\"BreadcrumbList\",\"@id\":\"https:\/\/pulliez.com\/de\/product\/7-paar-erwachsene-togo-pack-36-46-pulliez-grau-low-cut-sockenpaket\/#breadcrumb\",\"itemListElement\":[{\"@type\":\"ListItem\",\"position\":1,\"name\":\"\u05d3\u05e3 \u05d4\u05d1\u05d9\u05ea\",\"item\":\"https:\/\/pulliez.com\/de\/\"},{\"@type\":\"ListItem\",\"position\":2,\"name\":\"Shop\",\"item\":\"https:\/\/pulliez.com\/de\/shop-site\/\"},{\"@type\":\"ListItem\",\"position\":3,\"name\":\"7 Paar, ERWACHSENE ToGo Pack (36-46) Pulliez Grau, Low-Cut Sockenpaket\"}]}]}<\/script>\n<!-- \/ Yoast SEO plugin. -->","yoast_head_json":{"title":"7 Paar, ERWACHSENE ToGo Pack (36-46) Pulliez Grau, Low-Cut Sockenpaket - Pulliez","robots":{"index":"index","follow":"follow","max-snippet":"max-snippet:-1","max-image-preview":"max-image-preview:large","max-video-preview":"max-video-preview:-1"},"canonical":"https:\/\/pulliez.com\/de\/product\/7-paar-erwachsene-togo-pack-36-46-pulliez-grau-low-cut-sockenpaket\/","og_locale":"de_DE","og_type":"article","og_title":"7 Paar, ERWACHSENE ToGo Pack (36-46) Pulliez Grau, Low-Cut Sockenpaket - Pulliez","og_description":"7 Paar Socken im ToGo Pack \/ Low-Cut Socken Erwachsene \/ Farbe Grau.  One Size 36-46  97% Polyester 3% Elastan \/ Atmungsaktives Mesh Top \/ Sockenl\u00e4nge 5-8cm \u00fcber Kn\u00f6chel","og_url":"https:\/\/pulliez.com\/de\/product\/7-paar-erwachsene-togo-pack-36-46-pulliez-grau-low-cut-sockenpaket\/","og_site_name":"Pulliez","article_publisher":"https:\/\/www.facebook.com\/pulliezmydailysocks","article_modified_time":"2022-11-26T09:47:35+00:00","og_image":[{"width":2449,"height":1632,"url":"https:\/\/pulliez.com\/wp-content\/uploads\/2021\/06\/3173234142147-3.jpg","type":"image\/jpeg"}],"twitter_card":"summary_large_image","schema":{"@context":"https:\/\/schema.org","@graph":[{"@type":"WebSite","@id":"https:\/\/pulliez.com\/#website","url":"https:\/\/pulliez.com\/","name":"Pulliez","description":"My Daily Socks","potentialAction":[{"@type":"SearchAction","target":{"@type":"EntryPoint","urlTemplate":"https:\/\/pulliez.com\/?s={search_term_string}"},"query-input":"required name=search_term_string"}],"inLanguage":"de"},{"@type":"ImageObject","@id":"https:\/\/pulliez.com\/de\/product\/7-paar-erwachsene-togo-pack-36-46-pulliez-grau-low-cut-sockenpaket\/#primaryimage","inLanguage":"de","url":"https:\/\/pulliez.com\/wp-content\/uploads\/2021\/06\/3173234142147-3.jpg","contentUrl":"https:\/\/pulliez.com\/wp-content\/uploads\/2021\/06\/3173234142147-3.jpg","width":2449,"height":1632},{"@type":"WebPage","@id":"https:\/\/pulliez.com\/de\/product\/7-paar-erwachsene-togo-pack-36-46-pulliez-grau-low-cut-sockenpaket\/#webpage","url":"https:\/\/pulliez.com\/de\/product\/7-paar-erwachsene-togo-pack-36-46-pulliez-grau-low-cut-sockenpaket\/","name":"7 Paar, ERWACHSENE ToGo Pack (36-46) Pulliez Grau, Low-Cut Sockenpaket - Pulliez","isPartOf":{"@id":"https:\/\/pulliez.com\/#website"},"primaryImageOfPage":{"@id":"https:\/\/pulliez.com\/de\/product\/7-paar-erwachsene-togo-pack-36-46-pulliez-grau-low-cut-sockenpaket\/#primaryimage"},"datePublished":"2021-07-05T06:38:14+00:00","dateModified":"2022-11-26T09:47:35+00:00","breadcrumb":{"@id":"https:\/\/pulliez.com\/de\/product\/7-paar-erwachsene-togo-pack-36-46-pulliez-grau-low-cut-sockenpaket\/#breadcrumb"},"inLanguage":"de","potentialAction":[{"@type":"ReadAction","target":["https:\/\/pulliez.com\/de\/product\/7-paar-erwachsene-togo-pack-36-46-pulliez-grau-low-cut-sockenpaket\/"]}]},{"@type":"BreadcrumbList","@id":"https:\/\/pulliez.com\/de\/product\/7-paar-erwachsene-togo-pack-36-46-pulliez-grau-low-cut-sockenpaket\/#breadcrumb","itemListElement":[{"@type":"ListItem","position":1,"name":"\u05d3\u05e3 \u05d4\u05d1\u05d9\u05ea","item":"https:\/\/pulliez.com\/de\/"},{"@type":"ListItem","position":2,"name":"Shop","item":"https:\/\/pulliez.com\/de\/shop-site\/"},{"@type":"ListItem","position":3,"name":"7 Paar, ERWACHSENE ToGo Pack (36-46) Pulliez Grau, Low-Cut Sockenpaket"}]}]}},"_links":{"self":[{"href":"https:\/\/pulliez.com\/de\/wp-json\/wp\/v2\/product\/7979"}],"collection":[{"href":"https:\/\/pulliez.com\/de\/wp-json\/wp\/v2\/product"}],"about":[{"href":"https:\/\/pulliez.com\/de\/wp-json\/wp\/v2\/types\/product"}],"replies":[{"embeddable":true,"href":"https:\/\/pulliez.com\/de\/wp-json\/wp\/v2\/comments?post=7979"}],"wp:featuredmedia":[{"embeddable":true,"href":"https:\/\/pulliez.com\/de\/wp-json\/wp\/v2\/media\/7970"}],"wp:attachment":[{"href":"https:\/\/pulliez.com\/de\/wp-json\/wp\/v2\/media?parent=7979"}],"wp:term":[{"taxonomy":"product_cat","embeddable":true,"href":"https:\/\/pulliez.com\/de\/wp-json\/wp\/v2\/product_cat?post=7979"},{"taxonomy":"product_tag","embeddable":true,"href":"https:\/\/pulliez.com\/de\/wp-json\/wp\/v2\/product_tag?post=7979"}],"curies":[{"name":"wp","href":"https:\/\/api.w.org\/{rel}","templated":true}]}}